{"id":40637,"date":"2017-10-29T13:33:14","date_gmt":"2017-10-29T11:33:14","guid":{"rendered":"https:\/\/visitlahemaa.com\/info\/"},"modified":"2025-09-01T10:38:35","modified_gmt":"2025-09-01T07:38:35","slug":"info","status":"publish","type":"page","link":"https:\/\/visitlahemaa.com\/de\/info\/","title":{"rendered":"Info"},"content":{"rendered":"\t\t<div data-elementor-type=\"wp-page\" data-elementor-id=\"40637\" class=\"elementor elementor-40637 elementor-40635\" data-elementor-post-type=\"page\">\n\t\t\t\t<div class=\"elementor-element elementor-element-3bb320d6 e-flex e-con-boxed e-con e-parent\" data-id=\"3bb320d6\" data-element_type=\"container\" data-e-type=\"container\">\n\t\t\t\t\t<div class=\"e-con-inner\">\n\t\t\t\t<div class=\"elementor-element elementor-element-68a0b540 elementor-widget elementor-widget-text-editor\" data-id=\"68a0b540\" data-element_type=\"widget\" data-e-type=\"widget\" data-widget_type=\"text-editor.default\">\n\t\t\t\t<div class=\"elementor-widget-container\">\n\t\t\t\t\t\t\t\t\t<p>Lahemaa ist ein zauberhafter kleiner Ort, an dem Natur und Mensch in Harmonie leben. Sie finden hier tiefe bewaldete T\u00e4ler, st\u00fcrmische Meere und Klippen, aber vor allem Menschen, die alte Geschichten erz\u00e4hlen und Volkslieder singen k\u00f6nnen. Lahemaa, der \u00e4lteste Nationalpark in der ehemaligen Sowjetunion, ist das Aush\u00e4ngeschild der estnischen Natur. Das 725 km\u00b2 gro\u00dfe Gebiet beherbergt \u00fcppige einheimische W\u00e4lder, bis zum Horizont reichende Feuchtgebiete und felsige wie sandige Str\u00e4nde. Lahemaa ist eines der wichtigsten Waldschutzgebiete Europas und beherbergt Europas gr\u00f6\u00dfte Ansammlung von Findlingen. Es ist die Heimat einer Vielzahl von Wildtieren \u2013 Elche, Wildschweine, B\u00e4ren und Luchse. Die Nordk\u00fcste zieht jedes Jahr viele Zugv\u00f6gel an. Mehrere gut markierte, lange Wanderwege verlaufen durch den Nationalpark, wie der RMK-Wanderweg Oandu-Ikla und der Waldweg unter dem Europ\u00e4ischen Internationalen Wanderweg E11.       <\/p><p> <\/p><p><span style=\"font-weight: 400;\">Lahemaa ist auch ein Ort mit einem reichen kulturellen Erbe. Die 71 D\u00f6rfer des Nationalparks mit \u00fcber 3.000 Einwohnern bilden eine lebendige Gemeinschaft mit einer lebhaften Volkskultur und einem einladenden, aktiven Geist. Die Umgebung bietet mehrere interessante Herrenh\u00e4user, die gr\u00f6\u00dfte Sammlung estnischer Kunst, ein Schifffahrtsmuseum und verschiedene kleinere, sehenswerte Museen. F\u00fcr Freunde der Milit\u00e4rgeschichte gibt es faszinierende Grenzanlagen aus der Sowjetzeit. Immer mehr kleine H\u00e4fen in Nordestland sind bereit, Besucher zu empfangen. Besonders lebendig ist das kulturelle Leben im Sommer, wenn zahlreiche traditionelle Open-Air-Veranstaltungen stattfinden.      <\/span><\/p><p> <\/p><p><span style=\"font-weight: 400;\">Seit 1971, als der Nationalpark Lahemaa gegr\u00fcndet wurde, arbeiten Organisationen und die lokale Gemeinschaft zusammen, um die Werte dieses magischen Ortes zu erhalten. Lahemaa hat das international anerkannte G\u00fctesiegel f\u00fcr nachhaltigen Tourismus erhalten, n\u00e4mlich das EUROPARC-Zertifikat und den Green Destinations Platinum Award.  <\/span><\/p>\t\t\t\t\t\t\t\t<\/div>\n\t\t\t\t<\/div>\n\t\t\t\t\t<\/div>\n\t\t\t\t<\/div>\n\t\t\t\t<\/div>\n\t\t","protected":false},"excerpt":{"rendered":"<p>Lahemaa ist ein zauberhafter kleiner Ort, an dem Natur und Mensch in Harmonie leben. Sie finden hier tiefe bewaldete T\u00e4ler, st\u00fcrmische Meere und Klippen, aber vor allem Menschen, die alte Geschichten erz\u00e4hlen und Volkslieder singen k\u00f6nnen. Lahemaa, der \u00e4lteste Nationalpark in der ehemaligen Sowjetunion, ist das Aush\u00e4ngeschild der estnischen Natur. Das 725 km\u00b2 gro\u00dfe Gebiet [&hellip;]<\/p>\n","protected":false},"author":100010016,"featured_media":40547,"parent":0,"menu_order":24,"comment_status":"closed","ping_status":"closed","template":"","meta":{"_acf_changed":false,"_lmt_disableupdate":"","_lmt_disable":"","_monsterinsights_skip_tracking":false,"_monsterinsights_sitenote_active":false,"_monsterinsights_sitenote_note":"","_monsterinsights_sitenote_category":0,"footnotes":"","_links_to":"","_links_to_target":""},"class_list":["post-40637","page","type-page","status-publish","has-post-thumbnail","hentry"],"acf":[],"_links":{"self":[{"href":"https:\/\/visitlahemaa.com\/de\/wp-json\/wp\/v2\/pages\/40637","targetHints":{"allow":["GET"]}}],"collection":[{"href":"https:\/\/visitlahemaa.com\/de\/wp-json\/wp\/v2\/pages"}],"about":[{"href":"https:\/\/visitlahemaa.com\/de\/wp-json\/wp\/v2\/types\/page"}],"author":[{"embeddable":true,"href":"https:\/\/visitlahemaa.com\/de\/wp-json\/wp\/v2\/users\/100010016"}],"replies":[{"embeddable":true,"href":"https:\/\/visitlahemaa.com\/de\/wp-json\/wp\/v2\/comments?post=40637"}],"version-history":[{"count":2,"href":"https:\/\/visitlahemaa.com\/de\/wp-json\/wp\/v2\/pages\/40637\/revisions"}],"predecessor-version":[{"id":46256,"href":"https:\/\/visitlahemaa.com\/de\/wp-json\/wp\/v2\/pages\/40637\/revisions\/46256"}],"wp:featuredmedia":[{"embeddable":true,"href":"https:\/\/visitlahemaa.com\/de\/wp-json\/wp\/v2\/media\/40547"}],"wp:attachment":[{"href":"https:\/\/visitlahemaa.com\/de\/wp-json\/wp\/v2\/media?parent=40637"}],"curies":[{"name":"wp","href":"https:\/\/api.w.org\/{rel}","templated":true}]}}