{"id":45648,"date":"2025-07-28T14:20:41","date_gmt":"2025-07-28T11:20:41","guid":{"rendered":"https:\/\/visitlahemaa.com\/picknick-tag\/"},"modified":"2025-07-28T14:20:41","modified_gmt":"2025-07-28T11:20:41","slug":"picknick-tag","status":"publish","type":"page","link":"https:\/\/visitlahemaa.com\/de\/picknick-tag\/","title":{"rendered":"Picknick-Tag"},"content":{"rendered":"<div class=\"hero\">\n<div class=\"container position-relative logo-holder\"><a href=\"https:\/\/visitlahemaa.com\/de\/\"><img decoding=\"async\" class=\"hero-logo\" src=\"https:\/\/visitlahemaa.com\/wp-content\/uploads\/2021\/09\/visit-lahemaa-logo-header-2.png\" alt=\"Logo\"><br \/>\n<\/a><\/div>\n<div class=\"hero-overlay text-center text-shadow pt-5 pt-md-0\">\n<p><img decoding=\"async\" class=\"smn-img my-4\" src=\"https:\/\/visitlahemaa.com\/wp-content\/uploads\/2025\/04\/Lahemaa-piknikupaev-e1743812144313.png\"><\/p>\n<h1 class=\"display-6 order-0\">Picknicks in den D\u00f6rfern von Lahemaa<\/h1>\n<p><span class=\"fs-2 fw-bold order-1\">24.-25.05<\/span><br \/>\n<small class=\"position-absolute bottom-0 end-0 rounded-3 rounded-end-0 rounded-bottom-0 p-2 badge text-bg-dark bg-opacity-75\">Quelle: Erki Village Corner<\/small><\/p>\n<\/div>\n<\/div>\n<div class=\"container my-10\">\n<div class=\"row smn-w50-row\">\n<div class=\"col-12 col-md-6 d-flex align-items-center\">\n<h2 class=\"display-6\"><strong>24 und 25 Mai <\/strong>  das Touristengebiet des Lahemaa-Nationalparks<br \/>\nveranstaltet eine traditionelle Veranstaltung.<br \/>\n<strong>Lahemaa Picknick Tag<\/strong>!<\/h2>\n<div class=\"laine1 mt-5\"><\/div>\n<\/div>\n<div class=\"col-12 col-md-6 text-end\"><img decoding=\"async\" class=\"smn-br3 smn-r0 mt-4\" src=\"https:\/\/visitlahemaa.com\/wp-content\/uploads\/2025\/04\/Visit-Lahemaa-piknikupaev_Kasmu-vaike-ring_Kadri-Otsiver_-copy.webp\"><\/div>\n<\/div>\n<\/div>\n<div class=\"container-fluid my-10 smn-skylight py-5\">\n<div class=\"col-12 col-md-6 offset-0 offset-md-3\">\n<h2 class=\"display-6 fw-semibold\">Der Schwerpunkt liegt auf der reichen Natur, der Geschichte und den Aromen der Region. Wir feiern auch den Europ\u00e4ischen Tag der Schutzgebiete <\/h2>\n<p class=\"fs-5\">Kommen Sie und entdecken Sie die herrlichen Landschaften und Naturpfade von Lahemaa, nehmen Sie an gef\u00fchrten Touren teil und lernen Sie das kulturelle Erbe kennen &#8211; seien es historische Gasth\u00e4user, antike Kultur oder Herrenhausg\u00e4rten. Sie k\u00f6nnen auch k\u00f6stliche lokale Speisen genie\u00dfen. Picknick-K\u00f6rbe aus frischen lokalen Produkten, ger\u00e4ucherter Fisch, Lammeintopf und vieles mehr.  <\/p>\n<\/div>\n<\/div>\n<div class=\"container-fluid position-relative pb-5 pb-md-3\" style=\"height: 70vh;\">\n<div class=\"laine2 position-absolute top-50 end-0 translate-middle-y d-none d-xl-block\"><\/div>\n<div class=\"container smn-box1\"><small class=\"position-absolute top-0 start-0 rounded-3 rounded-start-0 rounded-top-0 p-2 badge text-bg-dark bg-opacity-75\">Quelle: Hans Markus Antson und Visit Estonia<\/small><\/div>\n<div class=\"container\">\n<div class=\"col-12 col-sm-9 col-md-6 smn-box2\">\n<h2 class=\"display-5 fw-semibold\">Organisatoren des Picknicktages<\/h2>\n<p class=\"display-6 fs-4\">W\u00e4hlen Sie eine Veranstaltung aus der Liste unten und melden Sie sich fr\u00fchzeitig an.<\/p>\n<\/div>\n<\/div>\n<\/div>\n<div class=\"container position-relative my-10 pt-5\">\n<h3 class=\"display-6 position-relative py-3\"><strong>24.05 Ereignisse<\/strong><\/h3>\n<div class=\"laine1 position-absolute top-0 start-0 translate-start-y mt-5 ms-3\"><\/div>\n\t<div class=\"custom-accordion pt-5\">\n\t\t<p>\u00dchtegi osalejat ei leitud.<\/p>\t<\/div>\n\t\n<div style=\"height: 30px;\"><\/div>\n<p><!-- SEE LISAB SUUREMA ERALDUSE --><\/p>\n<h3 class=\"display-6 position-relative\"><strong>25.05 Ereignisse<\/strong><\/h3>\n<div class=\"laine1 position-absolute top-0 start-0 translate-start-y mt-5 ms-3\"><\/div>\n\t<div class=\"custom-accordion pt-5\">\n\t\t<p>\u00dchtegi osalejat ei leitud.<\/p>\t<\/div>\n\t\n<div class=\"laine2 position-absolute top-100 start-50 translate-center-x mt-5\"><\/div>\n<\/div>\n<div class=\"container-fluid my-10 smn-skylight py-5\">\n<div class=\"col-12 col-md-6 offset-0 offset-md-3\">\n<h2 class=\"display-6\">Wie kommt man nach Lahemaa?<\/h2>\n<h3 class=\"display-6 fs-3\">Es gibt mehrere M\u00f6glichkeiten, nach Lahemaa zu gelangen. Finden Sie <a href=\"https:\/\/visitlahemaa.com\/de\/plan\/transport\/\">hier Ihr bevorzugtes Verkehrsmittel .<\/a><\/h3>\n<\/div>\n<\/div>\n<div class=\"container my-10\">\n<div class=\"row smn-w50-row\">\n<div class=\"col-12 col-md-6 d-flex align-self-center flex-column position-relative\">\n<div class=\"laine2 position-absolute bottom-100 start-50 mb-5 translate-center-y \"><\/div>\n<h3 class=\"display-6\"><strong>Mit dem Bus<\/strong><\/h3>\n<p class=\"fs-5\">\u00d6ffentliche Verkehrsmittel nach Lahemaa verkehren t\u00e4glich von Tallinn, Rakvere und Kadrina und bieten die n\u00e4chste Verbindung zur Stadt Loksa<br \/>\n.<br \/>\nDie aktuellsten Reiseinformationen finden Sie <a href=\"https:\/\/www.kuusalu.ee\/avalikud\" target=\"_blank\" rel=\"noopener\">auf der Website der Gemeinde Kuusalu<\/a> oder unter<br \/>\nmit dem Reiseplaner <a href=\"http:\/\/peatus.ee\/\" target=\"_blank\" rel=\"noopener\">peatus.ee.<\/a><\/p>\n<div class=\"laine2 position-absolute top-100 start-0 mt-3 ms-3 translate-center-y \"><\/div>\n<\/div>\n<div class=\"col-12 col-md-6 text-end\"><img decoding=\"async\" class=\"smn-br3 smn-r0\" src=\"https:\/\/visitlahemaa.com\/wp-content\/uploads\/2025\/04\/Visit-Lahemaa-piknikupaev_transport_Kadri-Otsiver_4-copy.webp\"><\/div>\n<\/div>\n<\/div>\n<div class=\"container my-10\">\n<div class=\"row smn-w50-row\">\n<div class=\"col-12 col-md-6 text-start order-1 order-md-0\"><img decoding=\"async\" class=\"smn-bl3 smn-l0\" src=\"https:\/\/visitlahemaa.com\/wp-content\/uploads\/2025\/04\/Visit-Lahemaa-autotee.png\"><\/div>\n<div class=\"col-12 col-md-6 d-flex align-self-center flex-column order-0 order-md-1 position-relative\">\n<div class=\"laine2 position-absolute bottom-100 start-0 mb-5 ms-3 translate-start-y \"><\/div>\n<h3 class=\"display-6\"><strong>Mit dem Auto<\/strong><\/h3>\n<p class=\"fs-5\">Die gut asphaltierten Stra\u00dfen von Lahemaa schaffen g\u00fcnstige Bedingungen f\u00fcr die Erkundung des Nationalparks, aber<br \/>\nbeachten Sie unbedingt <a href=\"https:\/\/www.riigiteataja.ee\/akt\/126022015033\" target=\"_blank\" rel=\"noopener\">die \u00f6rtlichen Naturschutzauflagen<\/a>.<br \/>\nAchten Sie besonders auf die Beschr\u00e4nkungen f\u00fcr den Kraftfahrzeugverkehr und das Parken im angestrebten Schutzgebiet.<br \/>\nFahrgemeinschaften sind ebenfalls eine nachhaltige Form der Fortbewegung. Bringen Sie also unbedingt Ihre Familie und\/oder Freunde mit, wenn Sie uns besuchen.<\/p>\n<div class=\"laine2 position-absolute bottom-0 start-100 mt-5 ms-3 translate-end-y d-none d-xl-block\"><\/div>\n<\/div>\n<\/div>\n<\/div>\n<div class=\"container my-10\">\n<div class=\"row smn-w50-row\">\n<div class=\"col-12 col-md-6 d-flex align-self-center flex-column position-relative\">\n<div class=\"laine2 position-absolute bottom-100 end-0 mb-5 ms-3 translate-start-y \"><\/div>\n<h3 class=\"display-6\"><strong>Mit dem Fahrrad<\/strong><\/h3>\n<p class=\"fs-5\">Das fahrradfreundliche Lahemaa bietet Radfahrern viele Herausforderungen f\u00fcr einen Tagesausflug sowie f\u00fcr eine<br \/>\nmehrt\u00e4gige &#8222;Tour de Lahema&#8220;!<br \/>\n Fahrr\u00e4der<strong>k\u00f6nnen im Sommer in Lahemaa gemietet werden:<\/strong><br \/>\n Viinistu<a class=\"d-block\" href=\"http:\/\/www.viinistu.ee\/\" target=\"_blank\" rel=\"noopener\">Art Hotel<\/a><br \/>\n Hara<a class=\"d-block\" href=\"https:\/\/harasadam.ee\/\" target=\"_blank\" rel=\"noopener\">harbour<\/a>.<\/p>\n<div class=\"laine2 position-absolute top-100 start-0 mt-5 ms-3 translate-end-y \"><\/div>\n<\/div>\n<div class=\"col-12 col-md-6 text-end\"><img decoding=\"async\" class=\"smn-br3 smn-r0\" src=\"https:\/\/visitlahemaa.com\/wp-content\/uploads\/2024\/07\/FB_14.webp\"><\/div>\n<\/div>\n<\/div>\n<div class=\"container my-10\">\n<div class=\"row smn-w50-row\">\n<div class=\"col-12 col-md-6 text-start order-1 order-md-0\"><img decoding=\"async\" class=\"smn-bl3 smn-l0\" src=\"https:\/\/visitlahemaa.com\/wp-content\/uploads\/2024\/07\/Visit-Lahemaa_Eisma-sadam_Kadri-Otsiver_1.webp\"><\/div>\n<div class=\"col-12 col-md-6 d-flex align-self-center flex-column order-0 order-md-1 position-relative\">\n<div class=\"laine1 position-absolute bottom-100 start-0 mb-5 ms-3 translate-start-y \"><\/div>\n<h3 class=\"display-6\"><strong>Auf dem Seeweg<\/strong><\/h3>\n<p class=\"fs-5\">Es gibt auch einen Seeweg zum Lahemaa-Nationalpark, wo Sie die Enden am Kai festmachen k\u00f6nnen:<br \/>\n<a class=\"d-block\" href=\"https:\/\/harasadam.ee\/\" target=\"_blank\" rel=\"noopener\">Hafen von Hara<\/a><br \/>\n<a class=\"d-block\" href=\"https:\/\/www.viinistu.ee\/sadam\" target=\"_blank\" rel=\"noopener\">Hafen von Viinistu<\/a><br \/>\n<a class=\"d-block\" href=\"https:\/\/vosusadam.ee\/\" target=\"_blank\" rel=\"noopener\">V\u00f5su Hafen<\/a><br \/>\n<a class=\"d-block\" href=\"http:\/\/www.vergiport.eu\/\" target=\"_blank\" rel=\"noopener\">Im Hafen von Vergi<\/a><br \/>\nNB: Die Verkehrsanbindung der Tourismusregion Lahemaa umfasst auch Bus- und Zugverbindungen zu Knotenpunkten wie<br \/>\nRakvere, Kadrina und Tapa. <\/p>\n<div class=\"laine1 position-absolute top-100 end-0 mt-5 ms-3 translate-start-y d-none d-xl-block\"><\/div>\n<\/div>\n<\/div>\n<\/div>\n","protected":false},"excerpt":{"rendered":"<p>Picknicks in den D\u00f6rfern von Lahemaa 24.-25.05 Quelle: Erki Village Corner 24 und 25 Mai das Touristengebiet des Lahemaa-Nationalparks veranstaltet eine traditionelle Veranstaltung. Lahemaa Picknick Tag! Der Schwerpunkt liegt auf der reichen Natur, der Geschichte und den Aromen der Region. Wir feiern auch den Europ\u00e4ischen Tag der Schutzgebiete Kommen Sie und entdecken Sie die herrlichen [&hellip;]<\/p>\n","protected":false},"author":100010033,"featured_media":42293,"parent":0,"menu_order":0,"comment_status":"closed","ping_status":"closed","template":"smn-piknikupaev.php","meta":{"_acf_changed":false,"_lmt_disableupdate":"","_lmt_disable":"","_monsterinsights_skip_tracking":false,"_monsterinsights_sitenote_active":false,"_monsterinsights_sitenote_note":"","_monsterinsights_sitenote_category":0,"footnotes":"","_links_to":"","_links_to_target":""},"class_list":["post-45648","page","type-page","status-publish","has-post-thumbnail","hentry"],"acf":[],"_links":{"self":[{"href":"https:\/\/visitlahemaa.com\/de\/wp-json\/wp\/v2\/pages\/45648","targetHints":{"allow":["GET"]}}],"collection":[{"href":"https:\/\/visitlahemaa.com\/de\/wp-json\/wp\/v2\/pages"}],"about":[{"href":"https:\/\/visitlahemaa.com\/de\/wp-json\/wp\/v2\/types\/page"}],"author":[{"embeddable":true,"href":"https:\/\/visitlahemaa.com\/de\/wp-json\/wp\/v2\/users\/100010033"}],"replies":[{"embeddable":true,"href":"https:\/\/visitlahemaa.com\/de\/wp-json\/wp\/v2\/comments?post=45648"}],"version-history":[{"count":0,"href":"https:\/\/visitlahemaa.com\/de\/wp-json\/wp\/v2\/pages\/45648\/revisions"}],"wp:featuredmedia":[{"embeddable":true,"href":"https:\/\/visitlahemaa.com\/de\/wp-json\/wp\/v2\/media\/42293"}],"wp:attachment":[{"href":"https:\/\/visitlahemaa.com\/de\/wp-json\/wp\/v2\/media?parent=45648"}],"curies":[{"name":"wp","href":"https:\/\/api.w.org\/{rel}","templated":true}]}}