{"id":45888,"date":"2025-09-01T10:11:29","date_gmt":"2025-09-01T07:11:29","guid":{"rendered":"https:\/\/visitlahemaa.com\/daten-aktualisieren\/"},"modified":"2025-09-01T10:11:31","modified_gmt":"2025-09-01T07:11:31","slug":"daten-aktualisieren","status":"publish","type":"page","link":"https:\/\/visitlahemaa.com\/de\/daten-aktualisieren\/","title":{"rendered":"Daten aktualisieren"},"content":{"rendered":"\t\t<div data-elementor-type=\"wp-page\" data-elementor-id=\"45888\" class=\"elementor elementor-45888 elementor-45615\" data-elementor-post-type=\"page\">\n\t\t\t\t<div class=\"elementor-element elementor-element-6de37c76 e-flex e-con-boxed e-con e-parent\" data-id=\"6de37c76\" data-element_type=\"container\" data-e-type=\"container\">\n\t\t\t\t\t<div class=\"e-con-inner\">\n\t\t\t\t<div class=\"elementor-element elementor-element-284bd223 elementor-widget elementor-widget-shortcode\" data-id=\"284bd223\" data-element_type=\"widget\" data-e-type=\"widget\" data-widget_type=\"shortcode.default\">\n\t\t\t\t<div class=\"elementor-widget-container\">\n\t\t\t\t\t\t\t<div class=\"elementor-shortcode\"><script type=\"text\/javascript\">var gform;gform||(document.addEventListener(\"gform_main_scripts_loaded\",function(){gform.scriptsLoaded=!0}),window.addEventListener(\"DOMContentLoaded\",function(){gform.domLoaded=!0}),gform={domLoaded:!1,scriptsLoaded:!1,initializeOnLoaded:function(o){gform.domLoaded&&gform.scriptsLoaded?o():!gform.domLoaded&&gform.scriptsLoaded?window.addEventListener(\"DOMContentLoaded\",o):document.addEventListener(\"gform_main_scripts_loaded\",o)},hooks:{action:{},filter:{}},addAction:function(o,n,r,t){gform.addHook(\"action\",o,n,r,t)},addFilter:function(o,n,r,t){gform.addHook(\"filter\",o,n,r,t)},doAction:function(o){gform.doHook(\"action\",o,arguments)},applyFilters:function(o){return gform.doHook(\"filter\",o,arguments)},removeAction:function(o,n){gform.removeHook(\"action\",o,n)},removeFilter:function(o,n,r){gform.removeHook(\"filter\",o,n,r)},addHook:function(o,n,r,t,i){null==gform.hooks[o][n]&&(gform.hooks[o][n]=[]);var e=gform.hooks[o][n];null==i&&(i=n+\"_\"+e.length),gform.hooks[o][n].push({tag:i,callable:r,priority:t=null==t?10:t})},doHook:function(n,o,r){var t;if(r=Array.prototype.slice.call(r,1),null!=gform.hooks[n][o]&&((o=gform.hooks[n][o]).sort(function(o,n){return o.priority-n.priority}),o.forEach(function(o){\"function\"!=typeof(t=o.callable)&&(t=window[t]),\"action\"==n?t.apply(null,r):r[0]=t.apply(null,r)})),\"filter\"==n)return r[0]},removeHook:function(o,n,t,i){var r;null!=gform.hooks[o][n]&&(r=(r=gform.hooks[o][n]).filter(function(o,n,r){return!!(null!=i&&i!=o.tag||null!=t&&t!=o.priority)}),gform.hooks[o][n]=r)}});<\/script>\n                <div class='gf_browser_gecko gform_wrapper gravity-theme gform-theme--no-framework' data-form-theme='gravity-theme' data-form-index='0' id='gform_wrapper_8' >\n                        <div class='gform_heading'>\n                            <h2 class=\"gform_title\">Reisef\u00fchrer Profil aktualisieren<\/h2>\n                            <p class='gform_description'><\/p>\n                        <\/div><form method='post' enctype='multipart\/form-data'  id='gform_8'  action='\/de\/wp-json\/wp\/v2\/pages\/45888' data-formid='8' novalidate>\n                        <div class='gform-body gform_body'><div id='gform_fields_8' class='gform_fields top_label form_sublabel_below description_below'><div id=\"field_8_1\"  class=\"gfield gfield--type-text gfield--width-half field_sublabel_below gfield--no-description field_description_below gfield_visibility_visible\"  data-js-reload=\"field_8_1\"><label class='gfield_label gform-field-label' for='input_8_1' >Name<\/label><div class='ginput_container ginput_container_text'><input name='input_1' id='input_8_1' type='text' value='' class='large'      aria-invalid=\"false\"   \/> <\/div><\/div><div id=\"field_8_3\"  class=\"gfield gfield--type-text gfield--width-half field_sublabel_below gfield--no-description field_description_below gfield_visibility_visible\"  data-js-reload=\"field_8_3\"><label class='gfield_label gform-field-label' for='input_8_3' >E-Mail<\/label><div class='ginput_container ginput_container_text'><input name='input_3' id='input_8_3' type='text' value='' class='large'      aria-invalid=\"false\"   \/> <\/div><\/div><div id=\"field_8_4\"  class=\"gfield gfield--type-text gfield--width-half field_sublabel_below gfield--has-description field_description_below gfield_visibility_visible\"  data-js-reload=\"field_8_4\"><label class='gfield_label gform-field-label' for='input_8_4' >Telefonnummer<\/label><div class='ginput_container ginput_container_text'><input name='input_4' id='input_8_4' type='text' value='' class='large'  aria-describedby=\"gfield_description_8_4\"    aria-invalid=\"false\"   \/> <\/div><div class='gfield_description' id='gfield_description_8_4'>F\u00fcgen Sie nur hinzu, wenn Sie m\u00f6chten, dass es \u00f6ffentlich angezeigt wird.<\/div><\/div><div id=\"field_8_5\"  class=\"gfield gfield--type-text gfield--width-half field_sublabel_below gfield--no-description field_description_below gfield_visibility_visible\"  data-js-reload=\"field_8_5\"><label class='gfield_label gform-field-label' for='input_8_5' >Website<\/label><div class='ginput_container ginput_container_text'><input name='input_5' id='input_8_5' type='text' value='' class='large'      aria-invalid=\"false\"   \/> <\/div><\/div><div id=\"field_8_6\"  class=\"gfield gfield--type-fileupload field_sublabel_below gfield--has-description field_description_below gfield_visibility_visible\"  data-js-reload=\"field_8_6\"><label class='gfield_label gform-field-label' for='input_8_6' >Laden Sie ein gutes und aktuelles Bild von sich hoch<\/label><div class='ginput_container ginput_container_fileupload'><input type='hidden' name='MAX_FILE_SIZE' value='2146435072' \/><input name='input_6' id='input_8_6' type='file' class='large' aria-describedby=\"gfield_upload_rules_8_6 gfield_description_8_6\" onchange='javascript:gformValidateFileSize( this, 2146435072 );'  \/><span class='gfield_description gform_fileupload_rules' id='gfield_upload_rules_8_6'>Max. file size: 2 GB.<\/span><div class='gfield_description validation_message gfield_validation_message validation_message--hidden-on-empty' id='live_validation_message_8_6'><\/div><\/div><div class='gfield_description' id='gfield_description_8_6'>Bitte f\u00fcgen Sie ein Bild hinzu, das nicht \u00e4lter als ein Jahr ist. Bitte benennen Sie das Bild mit Ihrem Namen. <\/div><\/div><div id=\"field_8_7\"  class=\"gfield gfield--type-text field_sublabel_below gfield--no-description field_description_below gfield_visibility_visible\"  data-js-reload=\"field_8_7\"><label class='gfield_label gform-field-label' for='input_8_7' >Kategorien (siehe: https:\/\/visitlahemaa.com\/giidid\/). Mit Komma trennen.<\/label><div class='ginput_container ginput_container_text'><input name='input_7' id='input_8_7' type='text' value='' class='large'      aria-invalid=\"false\"   \/> <\/div><\/div><fieldset id=\"field_8_11\"  class=\"gfield gfield--type-checkbox gfield--type-choice gfield--width-full field_sublabel_below gfield--no-description field_description_below gfield_visibility_visible\"  data-js-reload=\"field_8_11\"><legend class='gfield_label gform-field-label gfield_label_before_complex'  >In welchen Sprachen bieten Sie den Reisef\u00fchrer-Service an?<\/legend><div class='ginput_container ginput_container_checkbox'><div class='gfield_checkbox' id='input_8_11'><div class='gchoice gchoice_8_11_1'>\n\t\t\t\t\t\t\t\t<input class='gfield-choice-input' name='input_11.1' type='checkbox'  value='Estnisch'  id='choice_8_11_1'   \/>\n\t\t\t\t\t\t\t\t<label for='choice_8_11_1' id='label_8_11_1' class='gform-field-label gform-field-label--type-inline'>Estnisch<\/label>\n\t\t\t\t\t\t\t<\/div><div class='gchoice gchoice_8_11_2'>\n\t\t\t\t\t\t\t\t<input class='gfield-choice-input' name='input_11.2' type='checkbox'  value='Englisch'  id='choice_8_11_2'   \/>\n\t\t\t\t\t\t\t\t<label for='choice_8_11_2' id='label_8_11_2' class='gform-field-label gform-field-label--type-inline'>Englisch<\/label>\n\t\t\t\t\t\t\t<\/div><div class='gchoice gchoice_8_11_3'>\n\t\t\t\t\t\t\t\t<input class='gfield-choice-input' name='input_11.3' type='checkbox'  value='Finnisch'  id='choice_8_11_3'   \/>\n\t\t\t\t\t\t\t\t<label for='choice_8_11_3' id='label_8_11_3' class='gform-field-label gform-field-label--type-inline'>Finnisch<\/label>\n\t\t\t\t\t\t\t<\/div><div class='gchoice gchoice_8_11_4'>\n\t\t\t\t\t\t\t\t<input class='gfield-choice-input' name='input_11.4' type='checkbox'  value='Russisch'  id='choice_8_11_4'   \/>\n\t\t\t\t\t\t\t\t<label for='choice_8_11_4' id='label_8_11_4' class='gform-field-label gform-field-label--type-inline'>Russisch<\/label>\n\t\t\t\t\t\t\t<\/div><div class='gchoice gchoice_8_11_5'>\n\t\t\t\t\t\t\t\t<input class='gfield-choice-input' name='input_11.5' type='checkbox'  value='Italienisch'  id='choice_8_11_5'   \/>\n\t\t\t\t\t\t\t\t<label for='choice_8_11_5' id='label_8_11_5' class='gform-field-label gform-field-label--type-inline'>Italienisch<\/label>\n\t\t\t\t\t\t\t<\/div><div class='gchoice gchoice_8_11_6'>\n\t\t\t\t\t\t\t\t<input class='gfield-choice-input' name='input_11.6' type='checkbox'  value='Deutsch'  id='choice_8_11_6'   \/>\n\t\t\t\t\t\t\t\t<label for='choice_8_11_6' id='label_8_11_6' class='gform-field-label gform-field-label--type-inline'>Deutsch<\/label>\n\t\t\t\t\t\t\t<\/div><div class='gchoice gchoice_8_11_7'>\n\t\t\t\t\t\t\t\t<input class='gfield-choice-input' name='input_11.7' type='checkbox'  value='Franz\u00f6sisch'  id='choice_8_11_7'   \/>\n\t\t\t\t\t\t\t\t<label for='choice_8_11_7' id='label_8_11_7' class='gform-field-label gform-field-label--type-inline'>Franz\u00f6sisch<\/label>\n\t\t\t\t\t\t\t<\/div><div class='gchoice gchoice_8_11_8'>\n\t\t\t\t\t\t\t\t<input class='gfield-choice-input' name='input_11.8' type='checkbox'  value='Spanisch'  id='choice_8_11_8'   \/>\n\t\t\t\t\t\t\t\t<label for='choice_8_11_8' id='label_8_11_8' class='gform-field-label gform-field-label--type-inline'>Spanisch<\/label>\n\t\t\t\t\t\t\t<\/div><div class='gchoice gchoice_8_11_9'>\n\t\t\t\t\t\t\t\t<input class='gfield-choice-input' name='input_11.9' type='checkbox'  value='Polnisch'  id='choice_8_11_9'   \/>\n\t\t\t\t\t\t\t\t<label for='choice_8_11_9' id='label_8_11_9' class='gform-field-label gform-field-label--type-inline'>Polnisch<\/label>\n\t\t\t\t\t\t\t<\/div><\/div><\/div><\/fieldset><div id=\"field_8_12\"  class=\"gfield gfield--type-textarea gfield--width-full field_sublabel_below gfield--no-description field_description_below gfield_visibility_visible\"  data-js-reload=\"field_8_12\"><label class='gfield_label gform-field-label' for='input_8_12' >F\u00fcnf Lieblingsorte in Lahemaa (die Sie unbedingt besuchen sollten). F\u00fcgen Sie nach M\u00f6glichkeit auch Google-Links hinzu. <\/label><div class='ginput_container ginput_container_textarea'><textarea name='input_12' id='input_8_12' class='textarea medium'      aria-invalid=\"false\"   rows='10' cols='50'><\/textarea><\/div><\/div><div id=\"field_8_10\"  class=\"gfield gfield--type-textarea gfield--width-full field_sublabel_below gfield--has-description field_description_below gfield_visibility_visible\"  data-js-reload=\"field_8_10\"><label class='gfield_label gform-field-label' for='input_8_10' >Ihre eigene Beschreibung, der Text, den Sie auf der Website anzeigen m\u00f6chten.<\/label><div class='ginput_container ginput_container_textarea'><textarea name='input_10' id='input_8_10' class='textarea large'  aria-describedby=\"gfield_description_8_10\"    aria-invalid=\"false\"   rows='10' cols='50'><\/textarea><\/div><div class='gfield_description' id='gfield_description_8_10'>Bitte schreiben Sie einen Text von etwa einer halben A4-Seite \u00fcber sich. Wer Sie sind, Ihre Fachgebiete und welche interessanten Orte in Ihrem T\u00e4tigkeitsbereich zu besuchen w\u00e4ren und wohin Sie zum Beispiel auch Leute f\u00fchren w\u00fcrden.  \n<br> PS! Wenn Sie neben Estnisch auch andere Sprachen beherrschen, schreiben Sie denselben Text auch in diesen Sprachen. Trennen Sie diese zum Beispiel mit EST: .... ENG usw..<\/div><\/div><\/div><\/div>\n        <div class='gform_footer before'> <input type='submit' id='gform_submit_button_8' class='gform_button button' value='Senden'  onclick='if(window[\"gf_submitting_8\"]){return false;}  if( !jQuery(\"#gform_8\")[0].checkValidity || jQuery(\"#gform_8\")[0].checkValidity()){window[\"gf_submitting_8\"]=true;}  ' onkeypress='if( event.keyCode == 13 ){ if(window[\"gf_submitting_8\"]){return false;} if( !jQuery(\"#gform_8\")[0].checkValidity || jQuery(\"#gform_8\")[0].checkValidity()){window[\"gf_submitting_8\"]=true;}  jQuery(\"#gform_8\").trigger(\"submit\",[true]); }' \/> \n            <input type='hidden' class='gform_hidden' name='is_submit_8' value='1' \/>\n            <input type='hidden' class='gform_hidden' name='gform_submit' value='8' \/>\n            \n            <input type='hidden' class='gform_hidden' name='gform_unique_id' value='' \/>\n            <input type='hidden' class='gform_hidden' name='state_8' value='WyJ7XCIxMS4xXCI6XCJlYTU1ZGU1MjE1ODBjNTU5ZjM5ZTBhOTljNjI2YzdkMVwiLFwiMTEuMlwiOlwiOTBmZDBlNzc5ZjAwNjI5MTA2OTE5ZDVjMjI0OTdhMmRcIixcIjExLjNcIjpcIjAxMGUzNzJlMzBkMGVlYmRjODhmOWZkN2VhMGE1NGI0XCIsXCIxMS40XCI6XCIzNTVkMGZhY2Y3MmE0ZDBjYWVjYWQyODc0YmZhMzg2MFwiLFwiMTEuNVwiOlwiMWFkOTI0NGU4NDMzN2VhOTU3ZDMzZDI3ZjAzMTZjNThcIixcIjExLjZcIjpcIjc1MWY3MTYxNmM4NzU5MGQ2YjY1YTllZjAxODNhYTU2XCIsXCIxMS43XCI6XCJlNzAyNWRjNGQ5NzMxMjY5MGVmYTQ4YjRiNTQwN2ZkYlwiLFwiMTEuOFwiOlwiNWRkMzIwOGY4MzgzYmM2MDUzNTM0YzA2NDU5ZTgxNWJcIixcIjExLjlcIjpcIjIzMmRkMzNiYTczYjZiNTc2OWJiYWMxZDZkZjYxY2NhXCJ9IiwiOGZiMGZjNTQ2M2M4ZjUwYzhiM2I4YWFmYzQxNjZjODIiXQ==' \/>\n            <input type='hidden' class='gform_hidden' name='gform_target_page_number_8' id='gform_target_page_number_8' value='0' \/>\n            <input type='hidden' class='gform_hidden' name='gform_source_page_number_8' id='gform_source_page_number_8' value='1' \/>\n            <input type='hidden' name='gform_field_values' value='' \/>\n            \n        <\/div>\n                        <\/form>\n                        <\/div><script>\ngform.initializeOnLoaded( function() {gformInitSpinner( 8, 'https:\/\/visitlahemaa.com\/wp-content\/plugins\/gravityforms\/images\/spinner.svg', true );jQuery('#gform_ajax_frame_8').on('load',function(){var contents = jQuery(this).contents().find('*').html();var is_postback = contents.indexOf('GF_AJAX_POSTBACK') >= 0;if(!is_postback){return;}var form_content = jQuery(this).contents().find('#gform_wrapper_8');var is_confirmation = jQuery(this).contents().find('#gform_confirmation_wrapper_8').length > 0;var is_redirect = contents.indexOf('gformRedirect(){') >= 0;var is_form = form_content.length > 0 && ! is_redirect && ! is_confirmation;var mt = parseInt(jQuery('html').css('margin-top'), 10) + parseInt(jQuery('body').css('margin-top'), 10) + 100;if(is_form){jQuery('#gform_wrapper_8').html(form_content.html());if(form_content.hasClass('gform_validation_error')){jQuery('#gform_wrapper_8').addClass('gform_validation_error');} else {jQuery('#gform_wrapper_8').removeClass('gform_validation_error');}setTimeout( function() { \/* delay the scroll by 50 milliseconds to fix a bug in chrome *\/  }, 50 );if(window['gformInitDatepicker']) {gformInitDatepicker();}if(window['gformInitPriceFields']) {gformInitPriceFields();}var current_page = jQuery('#gform_source_page_number_8').val();gformInitSpinner( 8, 'https:\/\/visitlahemaa.com\/wp-content\/plugins\/gravityforms\/images\/spinner.svg', true );jQuery(document).trigger('gform_page_loaded', [8, current_page]);window['gf_submitting_8'] = false;}else if(!is_redirect){var confirmation_content = jQuery(this).contents().find('.GF_AJAX_POSTBACK').html();if(!confirmation_content){confirmation_content = contents;}setTimeout(function(){jQuery('#gform_wrapper_8').replaceWith(confirmation_content);jQuery(document).trigger('gform_confirmation_loaded', [8]);window['gf_submitting_8'] = false;wp.a11y.speak(jQuery('#gform_confirmation_message_8').text());}, 50);}else{jQuery('#gform_8').append(contents);if(window['gformRedirect']) {gformRedirect();}}jQuery(document).trigger('gform_post_render', [8, current_page]);gform.utils.trigger({ event: 'gform\/postRender', native: false, data: { formId: 8, currentPage: current_page } });} );} );\n<\/script>\n<\/div>\n\t\t\t\t\t\t<\/div>\n\t\t\t\t<\/div>\n\t\t\t\t\t<\/div>\n\t\t\t\t<\/div>\n\t\t\t\t<\/div>\n\t\t","protected":false},"excerpt":{"rendered":"","protected":false},"author":100010030,"featured_media":0,"parent":0,"menu_order":0,"comment_status":"closed","ping_status":"closed","template":"","meta":{"_acf_changed":false,"_lmt_disableupdate":"","_lmt_disable":"","_monsterinsights_skip_tracking":false,"_monsterinsights_sitenote_active":false,"_monsterinsights_sitenote_note":"","_monsterinsights_sitenote_category":0,"footnotes":"","_links_to":"","_links_to_target":""},"class_list":["post-45888","page","type-page","status-publish","hentry"],"acf":[],"_links":{"self":[{"href":"https:\/\/visitlahemaa.com\/de\/wp-json\/wp\/v2\/pages\/45888","targetHints":{"allow":["GET"]}}],"collection":[{"href":"https:\/\/visitlahemaa.com\/de\/wp-json\/wp\/v2\/pages"}],"about":[{"href":"https:\/\/visitlahemaa.com\/de\/wp-json\/wp\/v2\/types\/page"}],"author":[{"embeddable":true,"href":"https:\/\/visitlahemaa.com\/de\/wp-json\/wp\/v2\/users\/100010030"}],"replies":[{"embeddable":true,"href":"https:\/\/visitlahemaa.com\/de\/wp-json\/wp\/v2\/comments?post=45888"}],"version-history":[{"count":1,"href":"https:\/\/visitlahemaa.com\/de\/wp-json\/wp\/v2\/pages\/45888\/revisions"}],"predecessor-version":[{"id":45890,"href":"https:\/\/visitlahemaa.com\/de\/wp-json\/wp\/v2\/pages\/45888\/revisions\/45890"}],"wp:attachment":[{"href":"https:\/\/visitlahemaa.com\/de\/wp-json\/wp\/v2\/media?parent=45888"}],"curies":[{"name":"wp","href":"https:\/\/api.w.org\/{rel}","templated":true}]}}