{"id":45900,"date":"2025-09-01T10:11:32","date_gmt":"2025-09-01T07:11:32","guid":{"rendered":"https:\/\/visitlahemaa.com\/hop-on-hop-off\/"},"modified":"2025-09-01T10:11:35","modified_gmt":"2025-09-01T07:11:35","slug":"hop-on-hop-off","status":"publish","type":"page","link":"https:\/\/visitlahemaa.com\/de\/hop-on-hop-off\/","title":{"rendered":"Hop-on-Hop-off"},"content":{"rendered":"\t\t<div data-elementor-type=\"wp-page\" data-elementor-id=\"45900\" class=\"elementor elementor-45900 elementor-45618\" data-elementor-post-type=\"page\">\n\t\t\t\t<div class=\"elementor-element elementor-element-302a10da e-flex e-con-boxed e-con e-parent\" data-id=\"302a10da\" data-element_type=\"container\" data-e-type=\"container\">\n\t\t\t\t\t<div class=\"e-con-inner\">\n\t\t\t\t<div class=\"elementor-element elementor-element-2f8c8d73 elementor-widget elementor-widget-text-editor\" data-id=\"2f8c8d73\" data-element_type=\"widget\" data-e-type=\"widget\" data-widget_type=\"text-editor.default\">\n\t\t\t\t<div class=\"elementor-widget-container\">\n\t\t\t\t\t\t\t\t\t<p style=\"text-align: left;\"><strong><a href=\"https:\/\/visitlahemaa.com\/piknikupaev\/\">&lt;- Zur\u00fcck zur Veranstaltungsseite<\/a><\/strong><\/p>\n<b>Lahemaa Lines Hop-on-Hop-off-Bus am 20. Mai <\/b>\n\n<span style=\"font-weight: 400;\"><strong>Mit<\/strong> dem Hop-on-Hop-off-Bus von Lahemaa Lines k\u00f6nnen Sie einen Tag lang durch Lahemaa fahren <strong>f\u00fcr 5 Euro<\/strong> (kostenlos f\u00fcr Schulkinder), zwischendurch aussteigen und dann den n\u00e4chsten Bus nehmen. Lokale Schulbusse fahren die gleiche Strecke insgesamt sechsmal, etwa drei Stunden lang, mit Start und Ziel neben dem Busbahnhof Loksa. Um einen Sitzplatz im Bus zu garantieren, empfehlen wir Ihnen, Ihr Ticket im Voraus zu kaufen.  <strong>  \u00dcberweisen Sie dazu bitte 5 Euro auf das Swedbank-Konto des Lahemaa Tourismusverbandes.  <\/strong><\/span><strong>EE962200221075218525<\/strong><span style=\"font-weight: 400;\">Geben Sie in der Erkl\u00e4rung <strong>das Busticket<\/strong> und die Nummern der <strong>Strecken an, die Sie fahren m\u00f6chten<\/strong>. Barzahlung ist nur vor Ort m\u00f6glich. <\/span>\n\n<strong><span style=\"color: #993300;\">NB! Seien Sie vorsichtshalber ein paar Minuten fr\u00fcher an der Bushaltestelle, wir bitten um Ihr Verst\u00e4ndnis, da sich das geplante Tourismusprojekt in der Pilotphase befindet \ud83d\ude42 <\/span><\/strong>\n\n<img fetchpriority=\"high\" decoding=\"async\" class=\"alignnone wp-image-39942 size-full\" src=\"https:\/\/visitlahemaa.com\/wp-content\/uploads\/2023\/05\/hopon_graafik-1.png\" alt=\"\" width=\"688\" height=\"679\" srcset=\"https:\/\/visitlahemaa.com\/wp-content\/uploads\/2023\/05\/hopon_graafik-1.png 688w, https:\/\/visitlahemaa.com\/wp-content\/uploads\/2023\/05\/hopon_graafik-1-600x592.png 600w\" sizes=\"(max-width: 688px) 100vw, 688px\" \/>\n\nVon Tallinn aus k\u00f6nnen Sie Loksa bequem mit \u00f6ffentlichen Verkehrsmitteln erreichen und in unseren Hop-on-Hop-off-Bus einsteigen.\n\nBusse ab Baltischer Bahnhof 5: <strong>9.40<\/strong> (Nr. 151), <strong>11.05<\/strong> (Nr. 155), <strong>12.30<\/strong> (Nr. 152), <strong>14.00<\/strong> (Nr. 156), <strong>15.30<\/strong> (Nr. 155), <strong>16.30<\/strong> (Nr. 152A).\n\nVon Loksa nach Tallinn mit dem Bus: <strong>14.50<\/strong> (Nr. 152), <strong>16.15<\/strong> (Nr. 156), <strong>17.30<\/strong> (Nr. 155), <strong>18.50<\/strong> (Nr. 152A), <strong>20.05<\/strong> (Nr. 157), <strong>21.40<\/strong> (Nr. 151).\n\n<img decoding=\"async\" class=\"alignnone wp-image-40012 size-full\" src=\"https:\/\/visitlahemaa.com\/wp-content\/uploads\/2023\/05\/hopon_graafik_maakonnaliinid.png\" alt=\"\" width=\"689\" height=\"341\" srcset=\"https:\/\/visitlahemaa.com\/wp-content\/uploads\/2023\/05\/hopon_graafik_maakonnaliinid.png 689w, https:\/\/visitlahemaa.com\/wp-content\/uploads\/2023\/05\/hopon_graafik_maakonnaliinid-600x297.png 600w\" sizes=\"(max-width: 689px) 100vw, 689px\" \/>\n\n<span style=\"font-weight: 400;\">Informationen zum \u00f6ffentlichen Nahverkehr finden Sie unter:<\/span> <a href=\"https:\/\/www.ytkpohja.ee\/idasuund\" target=\"_blank\" rel=\"noopener\"><span style=\"font-weight: 400;\">https:\/\/www.ytkpohja.ee\/idasuund<\/span><\/a>\n\n<span style=\"font-weight: 400;\">L\u00f6sungen in Notf\u00e4llen rufen Sie <strong>5 239 239<\/strong> an. <\/span>\n\n<span style=\"font-weight: 400;\">Wir freuen uns auf Ihr Feedback <a href=\"https:\/\/visitlahemaa.com\/piknikupaev\/anna-tagasisidet\/\" target=\"_blank\" rel=\"noopener\">HIER<\/a>.<\/span>\n\n<span style=\"font-weight: 400;\">Die Aktivit\u00e4ten werden von der EAS im Rahmen des Projekts \u201eSchaffung einer integrierten Tourismusmanagementl\u00f6sung f\u00fcr die Region Lahemaa\u201c unterst\u00fctzt.<\/span>\t\t\t\t\t\t\t\t<\/div>\n\t\t\t\t<\/div>\n\t\t\t\t\t<\/div>\n\t\t\t\t<\/div>\n\t\t\t\t<\/div>\n\t\t","protected":false},"excerpt":{"rendered":"<p>&lt;- Zur\u00fcck zur Veranstaltungsseite Lahemaa Lines Hop-on-Hop-off-Bus am 20. Mai Mit dem Hop-on-Hop-off-Bus von Lahemaa Lines k\u00f6nnen Sie einen Tag lang durch Lahemaa fahren f\u00fcr 5 Euro (kostenlos f\u00fcr Schulkinder), zwischendurch aussteigen und dann den n\u00e4chsten Bus nehmen. Lokale Schulbusse fahren die gleiche Strecke insgesamt sechsmal, etwa drei Stunden lang, mit Start und Ziel neben [&hellip;]<\/p>\n","protected":false},"author":100010028,"featured_media":45903,"parent":0,"menu_order":0,"comment_status":"closed","ping_status":"closed","template":"","meta":{"_acf_changed":false,"_lmt_disableupdate":"","_lmt_disable":"","_monsterinsights_skip_tracking":false,"_monsterinsights_sitenote_active":false,"_monsterinsights_sitenote_note":"","_monsterinsights_sitenote_category":0,"footnotes":"","_links_to":"","_links_to_target":""},"class_list":["post-45900","page","type-page","status-publish","has-post-thumbnail","hentry"],"acf":[],"_links":{"self":[{"href":"https:\/\/visitlahemaa.com\/de\/wp-json\/wp\/v2\/pages\/45900","targetHints":{"allow":["GET"]}}],"collection":[{"href":"https:\/\/visitlahemaa.com\/de\/wp-json\/wp\/v2\/pages"}],"about":[{"href":"https:\/\/visitlahemaa.com\/de\/wp-json\/wp\/v2\/types\/page"}],"author":[{"embeddable":true,"href":"https:\/\/visitlahemaa.com\/de\/wp-json\/wp\/v2\/users\/100010028"}],"replies":[{"embeddable":true,"href":"https:\/\/visitlahemaa.com\/de\/wp-json\/wp\/v2\/comments?post=45900"}],"version-history":[{"count":1,"href":"https:\/\/visitlahemaa.com\/de\/wp-json\/wp\/v2\/pages\/45900\/revisions"}],"predecessor-version":[{"id":45905,"href":"https:\/\/visitlahemaa.com\/de\/wp-json\/wp\/v2\/pages\/45900\/revisions\/45905"}],"wp:featuredmedia":[{"embeddable":true,"href":"https:\/\/visitlahemaa.com\/de\/wp-json\/wp\/v2\/media\/45903"}],"wp:attachment":[{"href":"https:\/\/visitlahemaa.com\/de\/wp-json\/wp\/v2\/media?parent=45900"}],"curies":[{"name":"wp","href":"https:\/\/api.w.org\/{rel}","templated":true}]}}