{"id":45920,"date":"2025-09-01T10:11:35","date_gmt":"2025-09-01T07:11:35","guid":{"rendered":"https:\/\/visitlahemaa.com\/gruenderschulung\/"},"modified":"2025-09-01T10:11:35","modified_gmt":"2025-09-01T07:11:35","slug":"gruenderschulung","status":"publish","type":"page","link":"https:\/\/visitlahemaa.com\/de\/gruenderschulung\/","title":{"rendered":"Gr\u00fcnderschulung"},"content":{"rendered":"\t\t<div data-elementor-type=\"wp-page\" data-elementor-id=\"45920\" class=\"elementor elementor-45920 elementor-45617\" data-elementor-post-type=\"page\">\n\t\t\t\t<div class=\"elementor-element elementor-element-4207f416 e-flex e-con-boxed e-con e-parent\" data-id=\"4207f416\" data-element_type=\"container\" data-e-type=\"container\">\n\t\t\t\t\t<div class=\"e-con-inner\">\n\t\t\t\t<div class=\"elementor-element elementor-element-60ac2d14 elementor-widget elementor-widget-text-editor\" data-id=\"60ac2d14\" data-element_type=\"widget\" data-e-type=\"widget\" data-widget_type=\"text-editor.default\">\n\t\t\t\t<div class=\"elementor-widget-container\">\n\t\t\t\t\t\t\t\t\t<h4>M\u00f6chten Sie Unternehmer in Lahemaa werden? Nehmen Sie an einer internationalen Gr\u00fcnderschulung teil! Die Programme werden von der Estnischen Universit\u00e4t f\u00fcr Lebenswissenschaften und der Universit\u00e4t Helsinki durchgef\u00fchrt. Auch Teilnehmer aus Finnland, Lettland, Schweden und \u00c5land sind dabei.   <\/h4><p>Die Schulung umfasst englischsprachige Webinare (19.11; 03.12; 21.01; 18.02; 4, 27.03, 18-21), Mentoring, eine Studienreise und individuelles Lernen. Lahemaa-Mentoren sind: Reimo M\u00fcrgim\u00e4e, Raido Roostalu, Urmas Kirtsi und Margus Sameli. Diejenigen, die den Kurs abgeschlossen haben, stellen ihre Gesch\u00e4ftsidee vor und erhalten ein Zertifikat von der Estnischen Universit\u00e4t f\u00fcr Lebenswissenschaften.  <\/p><p>Die Teilnahmegeb\u00fchr betr\u00e4gt 50 \u20ac.<\/p><p>Bevorzugt werden 18- bis 25-J\u00e4hrige und \u00fcber 50-J\u00e4hrige, die arbeitslos oder nicht selbstst\u00e4ndig sind. Wenn Sie Fragen haben, senden Sie bitte eine E-Mail an: <a href=\"mailto:kaisa@kolgakyla.ee\">kaisa@kolgakyla.ee<\/a> oder rufen Sie an: <a href=\"Tel: 5%20239%20239\">5 239 239.<\/a> <\/p><p>Anmeldung: <a href=\"https:\/\/forms.gle\/3iJuip7rDdVRftt38\" target=\"_blank\" rel=\"noopener\">https:\/\/forms.gle\/3iJuip7rDdVRftt38<\/a><\/p><p>Das Projekt wird durch das Interreg Central Baltic Programm und die Gemeinde Kuusalu unterst\u00fctzt.<\/p>\t\t\t\t\t\t\t\t<\/div>\n\t\t\t\t<\/div>\n\t\t\t\t<div class=\"elementor-element elementor-element-26387bf elementor-widget elementor-widget-image\" data-id=\"26387bf\" data-element_type=\"widget\" data-e-type=\"widget\" data-widget_type=\"image.default\">\n\t\t\t\t<div class=\"elementor-widget-container\">\n\t\t\t\t\t\t\t\t\t\t\t\t\t\t\t<img fetchpriority=\"high\" decoding=\"async\" width=\"800\" height=\"532\" src=\"https:\/\/visitlahemaa.com\/wp-content\/uploads\/2024\/11\/Soomaa_24-1024x681.jpg\" class=\"attachment-large size-large wp-image-42155\" alt=\"\" srcset=\"https:\/\/visitlahemaa.com\/wp-content\/uploads\/2024\/11\/Soomaa_24-1024x681.jpg 1024w, https:\/\/visitlahemaa.com\/wp-content\/uploads\/2024\/11\/Soomaa_24-600x399.jpg 600w, https:\/\/visitlahemaa.com\/wp-content\/uploads\/2024\/11\/Soomaa_24-768x511.jpg 768w, https:\/\/visitlahemaa.com\/wp-content\/uploads\/2024\/11\/Soomaa_24-272x182.jpg 272w, https:\/\/visitlahemaa.com\/wp-content\/uploads\/2024\/11\/Soomaa_24.jpg 1500w\" sizes=\"(max-width: 800px) 100vw, 800px\" \/>\t\t\t\t\t\t\t\t\t\t\t\t\t\t\t<\/div>\n\t\t\t\t<\/div>\n\t\t\t\t\t<\/div>\n\t\t\t\t<\/div>\n\t\t\t\t<\/div>\n\t\t","protected":false},"excerpt":{"rendered":"<p>M\u00f6chten Sie Unternehmer in Lahemaa werden? Nehmen Sie an einer internationalen Gr\u00fcnderschulung teil! Die Programme werden von der Estnischen Universit\u00e4t f\u00fcr Lebenswissenschaften und der Universit\u00e4t Helsinki durchgef\u00fchrt. Auch Teilnehmer aus Finnland, Lettland, Schweden und \u00c5land sind dabei. Die Schulung umfasst englischsprachige Webinare (19.11; 03.12; 21.01; 18.02; 4, 27.03, 18-21), Mentoring, eine Studienreise und individuelles Lernen. [&hellip;]<\/p>\n","protected":false},"author":100010026,"featured_media":42155,"parent":0,"menu_order":0,"comment_status":"closed","ping_status":"closed","template":"","meta":{"_acf_changed":false,"_lmt_disableupdate":"","_lmt_disable":"","_monsterinsights_skip_tracking":false,"_monsterinsights_sitenote_active":false,"_monsterinsights_sitenote_note":"","_monsterinsights_sitenote_category":0,"footnotes":"","_links_to":"","_links_to_target":""},"class_list":["post-45920","page","type-page","status-publish","has-post-thumbnail","hentry"],"acf":[],"_links":{"self":[{"href":"https:\/\/visitlahemaa.com\/de\/wp-json\/wp\/v2\/pages\/45920","targetHints":{"allow":["GET"]}}],"collection":[{"href":"https:\/\/visitlahemaa.com\/de\/wp-json\/wp\/v2\/pages"}],"about":[{"href":"https:\/\/visitlahemaa.com\/de\/wp-json\/wp\/v2\/types\/page"}],"author":[{"embeddable":true,"href":"https:\/\/visitlahemaa.com\/de\/wp-json\/wp\/v2\/users\/100010026"}],"replies":[{"embeddable":true,"href":"https:\/\/visitlahemaa.com\/de\/wp-json\/wp\/v2\/comments?post=45920"}],"version-history":[{"count":1,"href":"https:\/\/visitlahemaa.com\/de\/wp-json\/wp\/v2\/pages\/45920\/revisions"}],"predecessor-version":[{"id":45921,"href":"https:\/\/visitlahemaa.com\/de\/wp-json\/wp\/v2\/pages\/45920\/revisions\/45921"}],"wp:featuredmedia":[{"embeddable":true,"href":"https:\/\/visitlahemaa.com\/de\/wp-json\/wp\/v2\/media\/42155"}],"wp:attachment":[{"href":"https:\/\/visitlahemaa.com\/de\/wp-json\/wp\/v2\/media?parent=45920"}],"curies":[{"name":"wp","href":"https:\/\/api.w.org\/{rel}","templated":true}]}}