{"id":40636,"date":"2017-10-29T13:33:14","date_gmt":"2017-10-29T11:33:14","guid":{"rendered":"https:\/\/visitlahemaa.com\/info\/"},"modified":"2025-09-01T10:38:35","modified_gmt":"2025-09-01T07:38:35","slug":"info","status":"publish","type":"page","link":"https:\/\/visitlahemaa.com\/fi\/info\/","title":{"rendered":"Info"},"content":{"rendered":"\t\t<div data-elementor-type=\"wp-page\" data-elementor-id=\"40636\" class=\"elementor elementor-40636 elementor-40635\" data-elementor-post-type=\"page\">\n\t\t\t\t<div class=\"elementor-element elementor-element-3bb320d6 e-flex e-con-boxed e-con e-parent\" data-id=\"3bb320d6\" data-element_type=\"container\" data-e-type=\"container\">\n\t\t\t\t\t<div class=\"e-con-inner\">\n\t\t\t\t<div class=\"elementor-element elementor-element-68a0b540 elementor-widget elementor-widget-text-editor\" data-id=\"68a0b540\" data-element_type=\"widget\" data-e-type=\"widget\" data-widget_type=\"text-editor.default\">\n\t\t\t\t<div class=\"elementor-widget-container\">\n\t\t\t\t\t\t\t\t\t<p>Lahemaa on taianomainen pieni paikka, jossa luonto ja ihmiset el\u00e4v\u00e4t sopusoinnussa. L\u00f6yd\u00e4t syvi\u00e4 mets\u00e4isi\u00e4 laaksoja, myrskyisi\u00e4 meri\u00e4 ja jyrk\u00e4nteit\u00e4, mutta ennen kaikkea ihmisi\u00e4, jotka osaavat kertoa vanhoja tarinoita ja laulaa kansanlauluja. Lahemaa, entisen Neuvostoliiton vanhin kansallispuisto, on Viron luonnon lippulaiva. 725 km\u00b2 alueella on rehevi\u00e4 alkuper\u00e4ismetsi\u00e4, horisonttiin ulottuvia kosteikkoja sek\u00e4 kivisi\u00e4 ja hiekkarantoja. Lahemaa on yksi Euroopan t\u00e4rkeimmist\u00e4 mets\u00e4alueiden suojelualueista ja siell\u00e4 on Euroopan suurin kokoelma siirtolohkareita. Alueella el\u00e4\u00e4 laaja valikoima villiel\u00e4imi\u00e4 &#8211; hirvi\u00e4, villisikoja, karhuja ja ilveksi\u00e4. Pohjoisrannikko houkuttelee vuosittain monia muuttolintuja. Kansallispuiston l\u00e4pi kulkee useita hyvin merkittyj\u00e4 pitki\u00e4 vaellusreittej\u00e4, kuten RMK Oandu-Ikla vaellusreitti ja Euroopan kansainv\u00e4lisen vaellusreitin E11 mets\u00e4polku.       <\/p><p> <\/p><p><span style=\"font-weight: 400;\">Lahemaa on my\u00f6s paikka, jolla on rikas kulttuuriperint\u00f6. Kansallispuiston 71 kyl\u00e4\u00e4, joissa asuu yli 3 000 asukasta, muodostavat elinvoimaisen yhteis\u00f6n, jolla on vilkas kansankulttuuri ja vieraanvarainen, aktiivinen henki. Ymp\u00e4r\u00f6iv\u00e4ll\u00e4 alueella on useita mielenkiintoisia kartanoita, Viron taiteen suurin kokoelma, merimuseo ja useita pienempi\u00e4 museoita, jotka ovat vierailun arvoisia. Sotahistorian harrastajille on kiehtovia neuvostoaikaisia rajavartiolaitoksia. Yh\u00e4 useammat Pohjois-Viron pienet satamat ovat valmiita vastaanottamaan vierailijoita. Kulttuuriel\u00e4m\u00e4 on erityisen vilkasta kes\u00e4ll\u00e4, jolloin j\u00e4rjestet\u00e4\u00e4n lukuisia perinteisi\u00e4 ulkoilmatapahtumia.      <\/span><\/p><p> <\/p><p><span style=\"font-weight: 400;\">Vuodesta 1971, jolloin Lahemaan kansallispuisto perustettiin, organisaatiot ja paikallisyhteis\u00f6 ovat tehneet yhteisty\u00f6t\u00e4 t\u00e4m\u00e4n taianomaisen paikan arvojen s\u00e4ilytt\u00e4miseksi. Lahemaa on saanut kansainv\u00e4lisesti tunnustetun kest\u00e4v\u00e4n matkailun laatumerkin, nimitt\u00e4in EUROPARC-sertifikaatin ja Green Destinations Platinum -palkinnon.  <\/span><\/p>\t\t\t\t\t\t\t\t<\/div>\n\t\t\t\t<\/div>\n\t\t\t\t\t<\/div>\n\t\t\t\t<\/div>\n\t\t\t\t<\/div>\n\t\t","protected":false},"excerpt":{"rendered":"<p>Lahemaa on taianomainen pieni paikka, jossa luonto ja ihmiset el\u00e4v\u00e4t sopusoinnussa. L\u00f6yd\u00e4t syvi\u00e4 mets\u00e4isi\u00e4 laaksoja, myrskyisi\u00e4 meri\u00e4 ja jyrk\u00e4nteit\u00e4, mutta ennen kaikkea ihmisi\u00e4, jotka osaavat kertoa vanhoja tarinoita ja laulaa kansanlauluja. Lahemaa, entisen Neuvostoliiton vanhin kansallispuisto, on Viron luonnon lippulaiva. 725 km\u00b2 alueella on rehevi\u00e4 alkuper\u00e4ismetsi\u00e4, horisonttiin ulottuvia kosteikkoja sek\u00e4 kivisi\u00e4 ja hiekkarantoja. Lahemaa on [&hellip;]<\/p>\n","protected":false},"author":100010016,"featured_media":39487,"parent":0,"menu_order":24,"comment_status":"closed","ping_status":"closed","template":"","meta":{"_acf_changed":false,"_lmt_disableupdate":"","_lmt_disable":"","_monsterinsights_skip_tracking":false,"_monsterinsights_sitenote_active":false,"_monsterinsights_sitenote_note":"","_monsterinsights_sitenote_category":0,"footnotes":"","_links_to":"","_links_to_target":""},"class_list":["post-40636","page","type-page","status-publish","has-post-thumbnail","hentry"],"acf":[],"_links":{"self":[{"href":"https:\/\/visitlahemaa.com\/fi\/wp-json\/wp\/v2\/pages\/40636","targetHints":{"allow":["GET"]}}],"collection":[{"href":"https:\/\/visitlahemaa.com\/fi\/wp-json\/wp\/v2\/pages"}],"about":[{"href":"https:\/\/visitlahemaa.com\/fi\/wp-json\/wp\/v2\/types\/page"}],"author":[{"embeddable":true,"href":"https:\/\/visitlahemaa.com\/fi\/wp-json\/wp\/v2\/users\/100010016"}],"replies":[{"embeddable":true,"href":"https:\/\/visitlahemaa.com\/fi\/wp-json\/wp\/v2\/comments?post=40636"}],"version-history":[{"count":2,"href":"https:\/\/visitlahemaa.com\/fi\/wp-json\/wp\/v2\/pages\/40636\/revisions"}],"predecessor-version":[{"id":46258,"href":"https:\/\/visitlahemaa.com\/fi\/wp-json\/wp\/v2\/pages\/40636\/revisions\/46258"}],"wp:featuredmedia":[{"embeddable":true,"href":"https:\/\/visitlahemaa.com\/fi\/wp-json\/wp\/v2\/media\/39487"}],"wp:attachment":[{"href":"https:\/\/visitlahemaa.com\/fi\/wp-json\/wp\/v2\/media?parent=40636"}],"curies":[{"name":"wp","href":"https:\/\/api.w.org\/{rel}","templated":true}]}}