{"id":45899,"date":"2025-09-01T10:11:32","date_gmt":"2025-09-01T07:11:32","guid":{"rendered":"https:\/\/visitlahemaa.com\/yrittajyyskoulutus\/"},"modified":"2025-09-01T10:11:34","modified_gmt":"2025-09-01T07:11:34","slug":"yrittajyyskoulutus","status":"publish","type":"page","link":"https:\/\/visitlahemaa.com\/fi\/yrittajyyskoulutus\/","title":{"rendered":"Yritt\u00e4jyyskoulutus"},"content":{"rendered":"\t\t<div data-elementor-type=\"wp-page\" data-elementor-id=\"45899\" class=\"elementor elementor-45899 elementor-45617\" data-elementor-post-type=\"page\">\n\t\t\t\t<div class=\"elementor-element elementor-element-4207f416 e-flex e-con-boxed e-con e-parent\" data-id=\"4207f416\" data-element_type=\"container\" data-e-type=\"container\">\n\t\t\t\t\t<div class=\"e-con-inner\">\n\t\t\t\t<div class=\"elementor-element elementor-element-60ac2d14 elementor-widget elementor-widget-text-editor\" data-id=\"60ac2d14\" data-element_type=\"widget\" data-e-type=\"widget\" data-widget_type=\"text-editor.default\">\n\t\t\t\t<div class=\"elementor-widget-container\">\n\t\t\t\t\t\t\t\t\t<h4>Haluatko ryhty\u00e4 yritt\u00e4j\u00e4ksi Lahemaalla? Liity kansainv\u00e4liseen yritt\u00e4jyyskoulutukseen! Ohjelmia j\u00e4rjest\u00e4v\u00e4t Viron maayliopisto ja Helsingin yliopisto. Mukana on my\u00f6s ihmisi\u00e4 Suomesta, Latviasta, Suomesta, Ruotsista ja Ahvenanmaalta.   <\/h4><p>Koulutukseen sis\u00e4ltyy englanninkielisi\u00e4 webinaareja (19.11; 03.12; 21.01; 18.02; 4, 27.03, 18-21), mentorointia, opintomatka ja yksil\u00f6llist\u00e4 oppimista. Lahemaan mentorit ovat: Reimo M\u00fcrgim\u00e4e, Raido Roostalu, Urmas Kirtsi ja Margus Sameli. Kurssin suorittaneet esittelev\u00e4t liikeideansa ja saavat todistuksen Viron maayliopistolta.  <\/p><p>Osallistumismaksu on 50 \u20ac.<\/p><p>Etusijalla ovat 18-25-vuotiaat ja yli 50-vuotiaat, jotka ovat ty\u00f6tt\u00f6mi\u00e4 tai eiv\u00e4t ole itsen\u00e4isi\u00e4 ammatinharjoittajia. Jos sinulla on kysytt\u00e4v\u00e4\u00e4, l\u00e4het\u00e4 s\u00e4hk\u00f6postia osoitteeseen: <a href=\"mailto:kaisa@kolgakyla.ee\">kaisa@kolgakyla.ee<\/a> tai soita: <a href=\"puh:5%20239%20239\">5 239 239.<\/a> <\/p><p>Rekister\u00f6ityminen: <a href=\"https:\/\/forms.gle\/3iJuip7rDdVRftt38\" target=\"_blank\" rel=\"noopener\">https:\/\/forms.gle\/3iJuip7rDdVRftt38<\/a><\/p><p>Hanketta tukevat Interreg Central Baltic -ohjelma ja Kuusalun kunta.<\/p>\t\t\t\t\t\t\t\t<\/div>\n\t\t\t\t<\/div>\n\t\t\t\t<div class=\"elementor-element elementor-element-26387bf elementor-widget elementor-widget-image\" data-id=\"26387bf\" data-element_type=\"widget\" data-e-type=\"widget\" data-widget_type=\"image.default\">\n\t\t\t\t<div class=\"elementor-widget-container\">\n\t\t\t\t\t\t\t\t\t\t\t\t\t\t\t<img fetchpriority=\"high\" decoding=\"async\" width=\"800\" height=\"532\" src=\"https:\/\/visitlahemaa.com\/wp-content\/uploads\/2024\/11\/Soomaa_24-1024x681.jpg\" class=\"attachment-large size-large wp-image-42154\" alt=\"\" srcset=\"https:\/\/visitlahemaa.com\/wp-content\/uploads\/2024\/11\/Soomaa_24-1024x681.jpg 1024w, https:\/\/visitlahemaa.com\/wp-content\/uploads\/2024\/11\/Soomaa_24-600x399.jpg 600w, https:\/\/visitlahemaa.com\/wp-content\/uploads\/2024\/11\/Soomaa_24-768x511.jpg 768w, https:\/\/visitlahemaa.com\/wp-content\/uploads\/2024\/11\/Soomaa_24-272x182.jpg 272w, https:\/\/visitlahemaa.com\/wp-content\/uploads\/2024\/11\/Soomaa_24.jpg 1500w\" sizes=\"(max-width: 800px) 100vw, 800px\" \/>\t\t\t\t\t\t\t\t\t\t\t\t\t\t\t<\/div>\n\t\t\t\t<\/div>\n\t\t\t\t\t<\/div>\n\t\t\t\t<\/div>\n\t\t\t\t<\/div>\n\t\t","protected":false},"excerpt":{"rendered":"<p>Haluatko ryhty\u00e4 yritt\u00e4j\u00e4ksi Lahemaalla? Liity kansainv\u00e4liseen yritt\u00e4jyyskoulutukseen! Ohjelmia j\u00e4rjest\u00e4v\u00e4t Viron maayliopisto ja Helsingin yliopisto. Mukana on my\u00f6s ihmisi\u00e4 Suomesta, Latviasta, Suomesta, Ruotsista ja Ahvenanmaalta. Koulutukseen sis\u00e4ltyy englanninkielisi\u00e4 webinaareja (19.11; 03.12; 21.01; 18.02; 4, 27.03, 18-21), mentorointia, opintomatka ja yksil\u00f6llist\u00e4 oppimista. Lahemaan mentorit ovat: Reimo M\u00fcrgim\u00e4e, Raido Roostalu, Urmas Kirtsi ja Margus Sameli. Kurssin suorittaneet esittelev\u00e4t [&hellip;]<\/p>\n","protected":false},"author":100010026,"featured_media":42154,"parent":0,"menu_order":0,"comment_status":"closed","ping_status":"closed","template":"","meta":{"_acf_changed":false,"_lmt_disableupdate":"","_lmt_disable":"","_monsterinsights_skip_tracking":false,"_monsterinsights_sitenote_active":false,"_monsterinsights_sitenote_note":"","_monsterinsights_sitenote_category":0,"footnotes":"","_links_to":"","_links_to_target":""},"class_list":["post-45899","page","type-page","status-publish","has-post-thumbnail","hentry"],"acf":[],"_links":{"self":[{"href":"https:\/\/visitlahemaa.com\/fi\/wp-json\/wp\/v2\/pages\/45899","targetHints":{"allow":["GET"]}}],"collection":[{"href":"https:\/\/visitlahemaa.com\/fi\/wp-json\/wp\/v2\/pages"}],"about":[{"href":"https:\/\/visitlahemaa.com\/fi\/wp-json\/wp\/v2\/types\/page"}],"author":[{"embeddable":true,"href":"https:\/\/visitlahemaa.com\/fi\/wp-json\/wp\/v2\/users\/100010026"}],"replies":[{"embeddable":true,"href":"https:\/\/visitlahemaa.com\/fi\/wp-json\/wp\/v2\/comments?post=45899"}],"version-history":[{"count":1,"href":"https:\/\/visitlahemaa.com\/fi\/wp-json\/wp\/v2\/pages\/45899\/revisions"}],"predecessor-version":[{"id":45904,"href":"https:\/\/visitlahemaa.com\/fi\/wp-json\/wp\/v2\/pages\/45899\/revisions\/45904"}],"wp:featuredmedia":[{"embeddable":true,"href":"https:\/\/visitlahemaa.com\/fi\/wp-json\/wp\/v2\/media\/42154"}],"wp:attachment":[{"href":"https:\/\/visitlahemaa.com\/fi\/wp-json\/wp\/v2\/media?parent=45899"}],"curies":[{"name":"wp","href":"https:\/\/api.w.org\/{rel}","templated":true}]}}