{"id":45908,"date":"2025-09-01T10:11:33","date_gmt":"2025-09-01T07:11:33","guid":{"rendered":"https:\/\/visitlahemaa.com\/hop-on-hop-off\/"},"modified":"2025-09-01T10:11:35","modified_gmt":"2025-09-01T07:11:35","slug":"hop-on-hop-off","status":"publish","type":"page","link":"https:\/\/visitlahemaa.com\/fi\/hop-on-hop-off\/","title":{"rendered":"Hop-on hop-off"},"content":{"rendered":"\t\t<div data-elementor-type=\"wp-page\" data-elementor-id=\"45908\" class=\"elementor elementor-45908 elementor-45618\" data-elementor-post-type=\"page\">\n\t\t\t\t<div class=\"elementor-element elementor-element-302a10da e-flex e-con-boxed e-con e-parent\" data-id=\"302a10da\" data-element_type=\"container\" data-e-type=\"container\">\n\t\t\t\t\t<div class=\"e-con-inner\">\n\t\t\t\t<div class=\"elementor-element elementor-element-2f8c8d73 elementor-widget elementor-widget-text-editor\" data-id=\"2f8c8d73\" data-element_type=\"widget\" data-e-type=\"widget\" data-widget_type=\"text-editor.default\">\n\t\t\t\t<div class=\"elementor-widget-container\">\n\t\t\t\t\t\t\t\t\t<p style=\"text-align: left;\"><strong><a href=\"https:\/\/visitlahemaa.com\/piknikupaev\/\">&lt;- Takaisin tapahtumasivulle<\/a><\/strong><\/p>\n<b>Lahemaa Lines hop-on-hop-off-bussi 20. toukokuuta <\/b>\n\n<span style=\"font-weight: 400;\"><strong>Lahemaa Linesin<\/strong> hop-on-hop-off-bussilla voit kierrell\u00e4 Lahemaan alueella p\u00e4iv\u00e4n ajan <strong>5 eurolla<\/strong> (koululaisille ilmainen), j\u00e4\u00e4d\u00e4 v\u00e4lill\u00e4 pois kyydist\u00e4 ja nousta seuraavaan bussiin. Paikalliset koulubussit tekev\u00e4t saman kierroksen yhteens\u00e4 kuusi kertaa, noin kolmen tunnin ajan, alkaen ja p\u00e4\u00e4ttyen Loksan linja-autoaseman viereen. Varmistaaksesi paikan bussissa suosittelemme ostamaan lipun etuk\u00e4teen.  <strong> T\u00e4t\u00e4 varten siirr\u00e4 5 euroa Lahemaan matkailuyhdistyksen Swedbank-tilille. <\/strong><\/span><strong>EE962200221075218525<\/strong><span style=\"font-weight: 400;\">Selitteeseen merkitse <strong>bussilippu<\/strong> ja <strong>reitit, joilla aiot matkustaa<\/strong>. Voit maksaa vain k\u00e4teisell\u00e4 paikan p\u00e4\u00e4ll\u00e4. <\/span>\n\n<strong><span style=\"color: #993300;\">HUOM! Varmuuden vuoksi ole pys\u00e4kill\u00e4 muutama minuutti etuajassa, arvostamme k\u00e4rsiv\u00e4llisyytt\u00e4si, sill\u00e4 suunniteltu matkailuhanke on pilottivaiheessa \ud83d\ude42 <\/span><\/strong>\n\n<img fetchpriority=\"high\" decoding=\"async\" class=\"alignnone wp-image-39942 size-full\" src=\"https:\/\/visitlahemaa.com\/wp-content\/uploads\/2023\/05\/hopon_graafik-1.png\" alt=\"\" width=\"688\" height=\"679\" srcset=\"https:\/\/visitlahemaa.com\/wp-content\/uploads\/2023\/05\/hopon_graafik-1.png 688w, https:\/\/visitlahemaa.com\/wp-content\/uploads\/2023\/05\/hopon_graafik-1-600x592.png 600w\" sizes=\"(max-width: 688px) 100vw, 688px\" \/>\n\nTallinnasta p\u00e4\u00e4set helposti Loksaan julkisilla kulkuneuvoilla ja voit hyp\u00e4t\u00e4 hop-on hop-off -bussiimme.\n\nBussit l\u00e4htev\u00e4t Baltian asemalta 5: <strong>9.40<\/strong> (No 151), <strong>11.05<\/strong> (No 155), <strong>12.30<\/strong> (No 152), <strong>14.00<\/strong> (No 156), <strong>15.30<\/strong> (No 155), <strong>16.30<\/strong> (No 152A).\n\nLoksasta Tallinnaan bussilla: <strong>14.50<\/strong> (no 152), <strong>16.15<\/strong> (no 156), <strong>17.30<\/strong> (no 155), <strong>18.50<\/strong> (no 152A), <strong>20.05<\/strong> (no 157), <strong>21.40<\/strong> (no 151).\n\n<img decoding=\"async\" class=\"alignnone wp-image-40012 size-full\" src=\"https:\/\/visitlahemaa.com\/wp-content\/uploads\/2023\/05\/hopon_graafik_maakonnaliinid.png\" alt=\"\" width=\"689\" height=\"341\" srcset=\"https:\/\/visitlahemaa.com\/wp-content\/uploads\/2023\/05\/hopon_graafik_maakonnaliinid.png 689w, https:\/\/visitlahemaa.com\/wp-content\/uploads\/2023\/05\/hopon_graafik_maakonnaliinid-600x297.png 600w\" sizes=\"(max-width: 689px) 100vw, 689px\" \/>\n\n<span style=\"font-weight: 400;\">Julkisen liikenteen tiedot l\u00f6yd\u00e4t: <\/span><a href=\"https:\/\/www.ytkpohja.ee\/idasuund\" target=\"_blank\" rel=\"noopener\"><span style=\"font-weight: 400;\">https:\/\/www.ytkpohja.ee\/idasuund<\/span><\/a>\n\n<span style=\"font-weight: 400;\">H\u00e4t\u00e4tilanteissa soita <strong>5 239 239<\/strong>. <\/span>\n\n<span style=\"font-weight: 400;\">Odotamme palautettasi <a href=\"https:\/\/visitlahemaa.com\/piknikupaev\/anna-tagasisidet\/\" target=\"_blank\" rel=\"noopener\">T\u00c4\u00c4LL\u00c4<\/a>.<\/span>\n\n<span style=\"font-weight: 400;\">Toimintaa tukee EAS osana projektia &#8221;Integroitu matkailunhallintaratkaisu Lahemaan alueelle&#8221;.<\/span>\t\t\t\t\t\t\t\t<\/div>\n\t\t\t\t<\/div>\n\t\t\t\t\t<\/div>\n\t\t\t\t<\/div>\n\t\t\t\t<\/div>\n\t\t","protected":false},"excerpt":{"rendered":"<p>&lt;- Takaisin tapahtumasivulle Lahemaa Lines hop-on-hop-off-bussi 20. toukokuuta Lahemaa Linesin hop-on-hop-off-bussilla voit kierrell\u00e4 Lahemaan alueella p\u00e4iv\u00e4n ajan 5 eurolla (koululaisille ilmainen), j\u00e4\u00e4d\u00e4 v\u00e4lill\u00e4 pois kyydist\u00e4 ja nousta seuraavaan bussiin. Paikalliset koulubussit tekev\u00e4t saman kierroksen yhteens\u00e4 kuusi kertaa, noin kolmen tunnin ajan, alkaen ja p\u00e4\u00e4ttyen Loksan linja-autoaseman viereen. Varmistaaksesi paikan bussissa suosittelemme ostamaan lipun etuk\u00e4teen. T\u00e4t\u00e4 [&hellip;]<\/p>\n","protected":false},"author":100010028,"featured_media":39825,"parent":0,"menu_order":0,"comment_status":"closed","ping_status":"closed","template":"","meta":{"_acf_changed":false,"_lmt_disableupdate":"","_lmt_disable":"","_monsterinsights_skip_tracking":false,"_monsterinsights_sitenote_active":false,"_monsterinsights_sitenote_note":"","_monsterinsights_sitenote_category":0,"footnotes":"","_links_to":"","_links_to_target":""},"class_list":["post-45908","page","type-page","status-publish","has-post-thumbnail","hentry"],"acf":[],"_links":{"self":[{"href":"https:\/\/visitlahemaa.com\/fi\/wp-json\/wp\/v2\/pages\/45908","targetHints":{"allow":["GET"]}}],"collection":[{"href":"https:\/\/visitlahemaa.com\/fi\/wp-json\/wp\/v2\/pages"}],"about":[{"href":"https:\/\/visitlahemaa.com\/fi\/wp-json\/wp\/v2\/types\/page"}],"author":[{"embeddable":true,"href":"https:\/\/visitlahemaa.com\/fi\/wp-json\/wp\/v2\/users\/100010028"}],"replies":[{"embeddable":true,"href":"https:\/\/visitlahemaa.com\/fi\/wp-json\/wp\/v2\/comments?post=45908"}],"version-history":[{"count":1,"href":"https:\/\/visitlahemaa.com\/fi\/wp-json\/wp\/v2\/pages\/45908\/revisions"}],"predecessor-version":[{"id":45909,"href":"https:\/\/visitlahemaa.com\/fi\/wp-json\/wp\/v2\/pages\/45908\/revisions\/45909"}],"wp:featuredmedia":[{"embeddable":true,"href":"https:\/\/visitlahemaa.com\/fi\/wp-json\/wp\/v2\/media\/39825"}],"wp:attachment":[{"href":"https:\/\/visitlahemaa.com\/fi\/wp-json\/wp\/v2\/media?parent=45908"}],"curies":[{"name":"wp","href":"https:\/\/api.w.org\/{rel}","templated":true}]}}