{"id":46147,"date":"2025-09-01T10:37:42","date_gmt":"2025-09-01T07:37:42","guid":{"rendered":"https:\/\/visitlahemaa.com\/tietoa-lahemaasta\/kaytannon-tietoa\/"},"modified":"2025-09-01T10:37:44","modified_gmt":"2025-09-01T07:37:44","slug":"kaytannon-tietoa","status":"publish","type":"page","link":"https:\/\/visitlahemaa.com\/fi\/tietoa-lahemaasta\/kaytannon-tietoa\/","title":{"rendered":"K\u00e4yt\u00e4nn\u00f6n tietoa"},"content":{"rendered":"\t\t<div data-elementor-type=\"wp-page\" data-elementor-id=\"46147\" class=\"elementor elementor-46147 elementor-39684\" data-elementor-post-type=\"page\">\n\t\t\t\t<div class=\"elementor-element elementor-element-1e755f4a e-flex e-con-boxed e-con e-parent\" data-id=\"1e755f4a\" data-element_type=\"container\" data-e-type=\"container\">\n\t\t\t\t\t<div class=\"e-con-inner\">\n\t\t\t\t<div class=\"elementor-element elementor-element-5a9d91fb elementor-widget elementor-widget-text-editor\" data-id=\"5a9d91fb\" data-element_type=\"widget\" data-e-type=\"widget\" data-widget_type=\"text-editor.default\">\n\t\t\t\t<div class=\"elementor-widget-container\">\n\t\t\t\t\t\t\t\t\t<p><a href=\"https:\/\/visitlahemaa.com\/fi\/info\/visit-lahemaa\/\" target=\"_blank\" rel=\"noopener\">Lahemaan matkailuyhdistys ry<\/a> | info@visitlahemaa.com<br>Kolgak\u00fclan yhteis\u00f6keskus<br>Kolgak\u00fcla, Kuusalun kunta<br>Harjun maakunta 74808<br>Rekisterinumero: 80578351<\/p><p> <\/p><p><strong>Matkailutiedotuspisteet:<\/strong><br><a href=\"https:\/\/www.loodusegakoos.ee\/kuhuminna\/rahvuspargid\/lahemaa-rahvuspark\/1734\" target=\"_blank\" rel=\"noopener\">Lahemaan kansallispuiston vierailukeskus Palmsessa<\/a><br><a href=\"https:\/\/www.loodusegakoos.ee\/kuhuminna\/rahvuspargid\/lahemaa-rahvuspark\/oandu-kulastuskeskus\" target=\"_blank\" rel=\"noopener\">Oandun vierailukeskus<\/a><br><a href=\"https:\/\/www.loodusegakoos.ee\/kuhuminna\/rahvuspargid\/lahemaa-rahvuspark\/sagadi-looduskool\" target=\"_blank\" rel=\"noopener\">Sagadin luontokoulu<\/a><br>Loksa | kausiluonteinen<\/p><p> <\/p><p><strong>Palvelut:<\/strong><br><a href=\"https:\/\/www.benu.ee\/leia-apteek?vars\/pharmacy\/45\" target=\"_blank\" rel=\"noopener\">Loksan apteekki<\/a><\/p><p><a href=\"https:\/\/www.loksajuuksur.ee\/\" target=\"_blank\" rel=\"noopener\">Maire Kauneussalonki | kampaaja<\/a><\/p><p><a href=\"https:\/\/loksasport.ee\/spordirajatised\/ujula\/\" target=\"_blank\" rel=\"noopener\">Loksan uimahalli<\/a><\/p><p><a href=\"https:\/\/loksasport.ee\/spordirajatised\/ujula\/\" target=\"_blank\" rel=\"noopener\">Loksan kukat | Grossin elintarvikkeet<\/a><\/p><p><a href=\"https:\/\/www.loksalinn.ee\/kontakt-raamatukogu\" target=\"_blank\" rel=\"noopener\">Loksan kaupunginkirjasto | wifi<\/a><\/p><p><a href=\"http:\/\/kollaseekskavaatori.ee\/\" target=\"_blank\" rel=\"noopener\">Kaivuuty\u00f6t, hinaus, kuljetuspalvelu<\/a><\/p><p> <\/p><p><strong><a href=\"https:\/\/puugiinfo.ee\/\" target=\"_blank\" rel=\"noopener\">Punkkitietoa<\/a><\/strong><\/p><p> <\/p><p> <\/p>\t\t\t\t\t\t\t\t<\/div>\n\t\t\t\t<\/div>\n\t\t\t\t\t<\/div>\n\t\t\t\t<\/div>\n\t\t\t\t<\/div>\n\t\t","protected":false},"excerpt":{"rendered":"<p>Lahemaan matkailuyhdistys ry | info@visitlahemaa.comKolgak\u00fclan yhteis\u00f6keskusKolgak\u00fcla, Kuusalun kuntaHarjun maakunta 74808Rekisterinumero: 80578351 Matkailutiedotuspisteet:Lahemaan kansallispuiston vierailukeskus PalmsessaOandun vierailukeskusSagadin luontokouluLoksa | kausiluonteinen Palvelut:Loksan apteekki Maire Kauneussalonki | kampaaja Loksan uimahalli Loksan kukat | Grossin elintarvikkeet Loksan kaupunginkirjasto | wifi Kaivuuty\u00f6t, hinaus, kuljetuspalvelu Punkkitietoa<\/p>\n","protected":false},"author":100010026,"featured_media":41366,"parent":46104,"menu_order":0,"comment_status":"closed","ping_status":"closed","template":"","meta":{"_acf_changed":false,"_lmt_disableupdate":"","_lmt_disable":"","_monsterinsights_skip_tracking":false,"_monsterinsights_sitenote_active":false,"_monsterinsights_sitenote_note":"","_monsterinsights_sitenote_category":0,"footnotes":"","_links_to":"","_links_to_target":""},"class_list":["post-46147","page","type-page","status-publish","has-post-thumbnail","hentry"],"acf":[],"_links":{"self":[{"href":"https:\/\/visitlahemaa.com\/fi\/wp-json\/wp\/v2\/pages\/46147","targetHints":{"allow":["GET"]}}],"collection":[{"href":"https:\/\/visitlahemaa.com\/fi\/wp-json\/wp\/v2\/pages"}],"about":[{"href":"https:\/\/visitlahemaa.com\/fi\/wp-json\/wp\/v2\/types\/page"}],"author":[{"embeddable":true,"href":"https:\/\/visitlahemaa.com\/fi\/wp-json\/wp\/v2\/users\/100010026"}],"replies":[{"embeddable":true,"href":"https:\/\/visitlahemaa.com\/fi\/wp-json\/wp\/v2\/comments?post=46147"}],"version-history":[{"count":1,"href":"https:\/\/visitlahemaa.com\/fi\/wp-json\/wp\/v2\/pages\/46147\/revisions"}],"predecessor-version":[{"id":46149,"href":"https:\/\/visitlahemaa.com\/fi\/wp-json\/wp\/v2\/pages\/46147\/revisions\/46149"}],"up":[{"embeddable":true,"href":"https:\/\/visitlahemaa.com\/fi\/wp-json\/wp\/v2\/pages\/46104"}],"wp:featuredmedia":[{"embeddable":true,"href":"https:\/\/visitlahemaa.com\/fi\/wp-json\/wp\/v2\/media\/41366"}],"wp:attachment":[{"href":"https:\/\/visitlahemaa.com\/fi\/wp-json\/wp\/v2\/media?parent=46147"}],"curies":[{"name":"wp","href":"https:\/\/api.w.org\/{rel}","templated":true}]}}