{"id":40639,"date":"2017-10-29T13:33:14","date_gmt":"2017-10-29T11:33:14","guid":{"rendered":"https:\/\/visitlahemaa.com\/info\/"},"modified":"2025-09-01T10:39:32","modified_gmt":"2025-09-01T07:39:32","slug":"info","status":"publish","type":"page","link":"https:\/\/visitlahemaa.com\/lv\/info\/","title":{"rendered":"Info"},"content":{"rendered":"\t\t<div data-elementor-type=\"wp-page\" data-elementor-id=\"40639\" class=\"elementor elementor-40639 elementor-40635\" data-elementor-post-type=\"page\">\n\t\t\t\t<div class=\"elementor-element elementor-element-3bb320d6 e-flex e-con-boxed e-con e-parent\" data-id=\"3bb320d6\" data-element_type=\"container\" data-e-type=\"container\">\n\t\t\t\t\t<div class=\"e-con-inner\">\n\t\t\t\t<div class=\"elementor-element elementor-element-68a0b540 elementor-widget elementor-widget-text-editor\" data-id=\"68a0b540\" data-element_type=\"widget\" data-e-type=\"widget\" data-widget_type=\"text-editor.default\">\n\t\t\t\t<div class=\"elementor-widget-container\">\n\t\t\t\t\t\t\t\t\t<p>Lahemaa ir ma\u0123iska vieti\u0146a, kur daba un cilv\u0113ki dz\u012bvo harmonij\u0101. Te atrad\u012bsi dzi\u013cas me\u017eainas ielejas, v\u0113trainas j\u016bras un klin\u0161ainas piekrastes klintis, bet galvenok\u0101rt cilv\u0113kus, kas var st\u0101st\u012bt vecus st\u0101stus un dzied\u0101t tautasdziesmas. Lahemaa, vec\u0101kais nacion\u0101lais parks biju\u0161aj\u0101 Padomju Savien\u012bb\u0101, ir Igaunijas dabas flagmanis. 725 km2 lielaj\u0101 teritorij\u0101 atrodas sul\u012bgi dabiskie me\u017ei, purvi, kas stiepjas l\u012bdz apv\u0101rsnim, un gan akme\u0146ainas, gan smil\u0161ainas pludmales. Lahemaa ir viena no Eiropas svar\u012bg\u0101kaj\u0101m me\u017eu aizsarg\u0101jam\u0101m teritorij\u0101m un m\u0101jvieta Eiropas liel\u0101kajai laukakme\u0146u kolekcijai. T\u0101 ir m\u0101jvieta pla\u0161am savva\u013cas dz\u012bvnieku kl\u0101stam \u2013 a\u013c\u0146iem, me\u017eac\u016bk\u0101m, l\u0101\u010diem un l\u016b\u0161iem. Zieme\u013cu piekraste katru gadu piesaista daudz g\u0101jputnu. Vair\u0101kas labi mar\u0137\u0113tas garas p\u0101rg\u0101jienu takas \u0161\u0137\u0113rso nacion\u0101lo parku, piem\u0113ram, RMK Oandu-Ikla p\u0101rg\u0101jienu taka un me\u017ea taka zem Eiropas Starptautisk\u0101s p\u0101rg\u0101jienu takas E11.       <\/p><p> <\/p><p><span style=\"font-weight: 400;\">Lahemaa ir ar\u012b vieta ar bag\u0101tu kult\u016bras mantojumu. Nacion\u0101l\u0101 parka 71 ciems ar vair\u0101k nek\u0101 3000 iedz\u012bvot\u0101jiem veido dinamisku kopienu ar dz\u012bv\u012bgu tautas kult\u016bru un viesm\u012bl\u012bgu, akt\u012bvu garu. Apk\u0101rtn\u0113 atrodas vair\u0101kas interesantas mui\u017eas, liel\u0101k\u0101 Igaunijas m\u0101kslas kolekcija, j\u016bras muzejs un da\u017e\u0101di maz\u0101ki muzeji, ko v\u0113rts apmekl\u0113t. Milit\u0101r\u0101s v\u0113stures entuziastiem ir pieejamas aizraujo\u0161as padomju laika robe\u017esardzes iest\u0101des. Arvien vair\u0101k mazo ostu Zieme\u013cigaunij\u0101 ir gatavas uz\u0146emt apmekl\u0113t\u0101jus. Kult\u016bras dz\u012bve ir \u012bpa\u0161i dinamiska vasar\u0101, kad notiek daudzi tradicion\u0101li br\u012bvdabas pas\u0101kumi.      <\/span><\/p><p> <\/p><p><span style=\"font-weight: 400;\">Kop\u0161 1971. gada, kad tika izveidots Lahemaa nacion\u0101lais parks, organiz\u0101cijas un viet\u0113j\u0101 kopiena ir sadarboju\u0161\u0101s, lai saglab\u0101tu \u0161\u012bs ma\u0123isk\u0101s vietas v\u0113rt\u012bbas. Lahemaa ir sa\u0146\u0113musi starptautiski atz\u012btu ilgtsp\u0113j\u012bga t\u016brisma kvalit\u0101tes z\u012bmi, proti, EUROPARC sertifik\u0101tu un Green Destinations Platinum Award.  <\/span><\/p>\t\t\t\t\t\t\t\t<\/div>\n\t\t\t\t<\/div>\n\t\t\t\t\t<\/div>\n\t\t\t\t<\/div>\n\t\t\t\t<\/div>\n\t\t","protected":false},"excerpt":{"rendered":"<p>Lahemaa ir ma\u0123iska vieti\u0146a, kur daba un cilv\u0113ki dz\u012bvo harmonij\u0101. Te atrad\u012bsi dzi\u013cas me\u017eainas ielejas, v\u0113trainas j\u016bras un klin\u0161ainas piekrastes klintis, bet galvenok\u0101rt cilv\u0113kus, kas var st\u0101st\u012bt vecus st\u0101stus un dzied\u0101t tautasdziesmas. Lahemaa, vec\u0101kais nacion\u0101lais parks biju\u0161aj\u0101 Padomju Savien\u012bb\u0101, ir Igaunijas dabas flagmanis. 725 km2 lielaj\u0101 teritorij\u0101 atrodas sul\u012bgi dabiskie me\u017ei, purvi, kas stiepjas l\u012bdz [&hellip;]<\/p>\n","protected":false},"author":100010016,"featured_media":39488,"parent":0,"menu_order":24,"comment_status":"closed","ping_status":"closed","template":"","meta":{"_acf_changed":false,"_lmt_disableupdate":"","_lmt_disable":"","_monsterinsights_skip_tracking":false,"_monsterinsights_sitenote_active":false,"_monsterinsights_sitenote_note":"","_monsterinsights_sitenote_category":0,"footnotes":"","_links_to":"","_links_to_target":""},"class_list":["post-40639","page","type-page","status-publish","has-post-thumbnail","hentry"],"acf":[],"_links":{"self":[{"href":"https:\/\/visitlahemaa.com\/lv\/wp-json\/wp\/v2\/pages\/40639","targetHints":{"allow":["GET"]}}],"collection":[{"href":"https:\/\/visitlahemaa.com\/lv\/wp-json\/wp\/v2\/pages"}],"about":[{"href":"https:\/\/visitlahemaa.com\/lv\/wp-json\/wp\/v2\/types\/page"}],"author":[{"embeddable":true,"href":"https:\/\/visitlahemaa.com\/lv\/wp-json\/wp\/v2\/users\/100010016"}],"replies":[{"embeddable":true,"href":"https:\/\/visitlahemaa.com\/lv\/wp-json\/wp\/v2\/comments?post=40639"}],"version-history":[{"count":2,"href":"https:\/\/visitlahemaa.com\/lv\/wp-json\/wp\/v2\/pages\/40639\/revisions"}],"predecessor-version":[{"id":46288,"href":"https:\/\/visitlahemaa.com\/lv\/wp-json\/wp\/v2\/pages\/40639\/revisions\/46288"}],"wp:featuredmedia":[{"embeddable":true,"href":"https:\/\/visitlahemaa.com\/lv\/wp-json\/wp\/v2\/media\/39488"}],"wp:attachment":[{"href":"https:\/\/visitlahemaa.com\/lv\/wp-json\/wp\/v2\/media?parent=40639"}],"curies":[{"name":"wp","href":"https:\/\/api.w.org\/{rel}","templated":true}]}}