{"id":45896,"date":"2025-09-01T10:11:30","date_gmt":"2025-09-01T07:11:30","guid":{"rendered":"https:\/\/visitlahemaa.com\/iekap-un-izkap\/"},"modified":"2025-09-01T10:11:31","modified_gmt":"2025-09-01T07:11:31","slug":"iekap-un-izkap","status":"publish","type":"page","link":"https:\/\/visitlahemaa.com\/lv\/iekap-un-izkap\/","title":{"rendered":"Iek\u0101p un izk\u0101p"},"content":{"rendered":"\t\t<div data-elementor-type=\"wp-page\" data-elementor-id=\"45896\" class=\"elementor elementor-45896 elementor-45618\" data-elementor-post-type=\"page\">\n\t\t\t\t<div class=\"elementor-element elementor-element-302a10da e-flex e-con-boxed e-con e-parent\" data-id=\"302a10da\" data-element_type=\"container\" data-e-type=\"container\">\n\t\t\t\t\t<div class=\"e-con-inner\">\n\t\t\t\t<div class=\"elementor-element elementor-element-2f8c8d73 elementor-widget elementor-widget-text-editor\" data-id=\"2f8c8d73\" data-element_type=\"widget\" data-e-type=\"widget\" data-widget_type=\"text-editor.default\">\n\t\t\t\t<div class=\"elementor-widget-container\">\n\t\t\t\t\t\t\t\t\t<p style=\"text-align: left;\"><strong><a href=\"https:\/\/visitlahemaa.com\/piknikupaev\/\">&lt;- Atpaka\u013c uz pas\u0101kuma lapu<\/a><\/strong><\/p>\n<b>Lahemaa Lines iek\u0101p-izk\u0101p autobuss 20. maij\u0101 <\/b>\n\n<span style=\"font-weight: 400;\">Ar Lahemaa Lines <strong>iek\u0101p-izk\u0101p<\/strong> autobusu j\u016bs varat vienu dienu ce\u013cot pa Lahem\u0101 <strong>par 5 eiro<\/strong> (skol\u0113niem bez maksas), izk\u0101pt pa ce\u013cam un tad sagaid\u012bt n\u0101kamo autobusu. Viet\u0113jie skolu autobusi veic to pa\u0161u braucienu kopum\u0101 se\u0161as reizes, apm\u0113ram tr\u012bs stundu garum\u0101, s\u0101kot un beidzot blakus Loksa autoostai. Lai garant\u0113tu s\u0113dvietu autobus\u0101, iesak\u0101m ieg\u0101d\u0101ties bi\u013ceti iepriek\u0161.  <strong>  Lai to izdar\u012btu, l\u016bdzu, p\u0101rskaitiet 5 eiro uz Lahemaa T\u016brisma asoci\u0101cijas Swedbank kontu.  <\/strong><\/span><strong>EE962200221075218525<\/strong><span style=\"font-weight: 400;\">, paskaidrojum\u0101 nor\u0101diet <strong>autobusa bi\u013ceti<\/strong> un <strong>mar\u0161rutu numurus, kurus pl\u0101nojat izmantot<\/strong>. Uz vietas var maks\u0101t tikai skaidr\u0101 naud\u0101. <\/span>\n\n<strong><span style=\"color: #993300;\">NB! Katram gad\u012bjumam, esiet pietur\u0101 da\u017eas min\u016btes agr\u0101k, m\u0113s nov\u0113rt\u0113jam j\u016bsu paciet\u012bbu, jo pl\u0101notais t\u016brisma projekts ir izm\u0113\u0123in\u0101juma f\u0101z\u0113 \ud83d\ude42 <\/span><\/strong>\n\n<img fetchpriority=\"high\" decoding=\"async\" class=\"alignnone wp-image-39942 size-full\" src=\"https:\/\/visitlahemaa.com\/wp-content\/uploads\/2023\/05\/hopon_graafik-1.png\" alt=\"\" width=\"688\" height=\"679\" srcset=\"https:\/\/visitlahemaa.com\/wp-content\/uploads\/2023\/05\/hopon_graafik-1.png 688w, https:\/\/visitlahemaa.com\/wp-content\/uploads\/2023\/05\/hopon_graafik-1-600x592.png 600w\" sizes=\"(max-width: 688px) 100vw, 688px\" \/>\n\nNo Tallinas j\u016bs varat viegli nok\u013c\u016bt Loks\u0101 ar sabiedrisko transportu un iek\u0101pt m\u016bsu iek\u0101p-izk\u0101p autobus\u0101.\n\nAutobusi, kas atiet no Baltijas stacijas 5: <strong>9.40<\/strong> (Nr. 151), <strong>11.05<\/strong> (Nr. 155), <strong>12.30<\/strong> (Nr. 152), <strong>14.00<\/strong> (Nr. 156), <strong>15.30<\/strong> (Nr. 155), <strong>16.30<\/strong> (Nr. 152A).\n\nNo Loksas uz Tallinu ar autobusu: <strong>14.50<\/strong> (Nr. 152), <strong>16.15<\/strong> (Nr. 156), <strong>17.30<\/strong> (Nr. 155), <strong>18.50<\/strong> (Nr. 152A), <strong>20.05<\/strong> (Nr. 157), <strong>21.40<\/strong> (Nr. 151).\n\n<img decoding=\"async\" class=\"alignnone wp-image-40012 size-full\" src=\"https:\/\/visitlahemaa.com\/wp-content\/uploads\/2023\/05\/hopon_graafik_maakonnaliinid.png\" alt=\"\" width=\"689\" height=\"341\" srcset=\"https:\/\/visitlahemaa.com\/wp-content\/uploads\/2023\/05\/hopon_graafik_maakonnaliinid.png 689w, https:\/\/visitlahemaa.com\/wp-content\/uploads\/2023\/05\/hopon_graafik_maakonnaliinid-600x297.png 600w\" sizes=\"(max-width: 689px) 100vw, 689px\" \/>\n\n<span style=\"font-weight: 400;\">Inform\u0101ciju par sabiedrisko transportu skatiet:<\/span> <a href=\"https:\/\/www.ytkpohja.ee\/idasuund\" target=\"_blank\" rel=\"noopener\"><span style=\"font-weight: 400;\">https:\/\/www.ytkpohja.ee\/idasuund<\/span><\/a>\n\n<span style=\"font-weight: 400;\">\u0100rk\u0101rtas situ\u0101cij\u0101s zvaniet <strong>5 239 239<\/strong>. <\/span>\n\n<span style=\"font-weight: 400;\">M\u0113s gaid\u0101m j\u016bsu atsauksmes <a href=\"https:\/\/visitlahemaa.com\/piknikupaev\/anna-tagasisidet\/\" target=\"_blank\" rel=\"noopener\">\u0160EIT<\/a>.<\/span>\n\n<span style=\"font-weight: 400;\">Aktivit\u0101tes atbalsta EAS projekta &#8220;Integr\u0113ta t\u016brisma vad\u012bbas risin\u0101juma izveide Lahemaa re\u0123ionam&#8221; ietvaros.<\/span>\t\t\t\t\t\t\t\t<\/div>\n\t\t\t\t<\/div>\n\t\t\t\t\t<\/div>\n\t\t\t\t<\/div>\n\t\t\t\t<\/div>\n\t\t","protected":false},"excerpt":{"rendered":"<p>&lt;- Atpaka\u013c uz pas\u0101kuma lapu Lahemaa Lines iek\u0101p-izk\u0101p autobuss 20. maij\u0101 Ar Lahemaa Lines iek\u0101p-izk\u0101p autobusu j\u016bs varat vienu dienu ce\u013cot pa Lahem\u0101 par 5 eiro (skol\u0113niem bez maksas), izk\u0101pt pa ce\u013cam un tad sagaid\u012bt n\u0101kamo autobusu. Viet\u0113jie skolu autobusi veic to pa\u0161u braucienu kopum\u0101 se\u0161as reizes, apm\u0113ram tr\u012bs stundu garum\u0101, s\u0101kot un beidzot blakus [&hellip;]<\/p>\n","protected":false},"author":100010028,"featured_media":39826,"parent":0,"menu_order":0,"comment_status":"closed","ping_status":"closed","template":"","meta":{"_acf_changed":false,"_lmt_disableupdate":"","_lmt_disable":"","_monsterinsights_skip_tracking":false,"_monsterinsights_sitenote_active":false,"_monsterinsights_sitenote_note":"","_monsterinsights_sitenote_category":0,"footnotes":"","_links_to":"","_links_to_target":""},"class_list":["post-45896","page","type-page","status-publish","has-post-thumbnail","hentry"],"acf":[],"_links":{"self":[{"href":"https:\/\/visitlahemaa.com\/lv\/wp-json\/wp\/v2\/pages\/45896","targetHints":{"allow":["GET"]}}],"collection":[{"href":"https:\/\/visitlahemaa.com\/lv\/wp-json\/wp\/v2\/pages"}],"about":[{"href":"https:\/\/visitlahemaa.com\/lv\/wp-json\/wp\/v2\/types\/page"}],"author":[{"embeddable":true,"href":"https:\/\/visitlahemaa.com\/lv\/wp-json\/wp\/v2\/users\/100010028"}],"replies":[{"embeddable":true,"href":"https:\/\/visitlahemaa.com\/lv\/wp-json\/wp\/v2\/comments?post=45896"}],"version-history":[{"count":1,"href":"https:\/\/visitlahemaa.com\/lv\/wp-json\/wp\/v2\/pages\/45896\/revisions"}],"predecessor-version":[{"id":45897,"href":"https:\/\/visitlahemaa.com\/lv\/wp-json\/wp\/v2\/pages\/45896\/revisions\/45897"}],"wp:featuredmedia":[{"embeddable":true,"href":"https:\/\/visitlahemaa.com\/lv\/wp-json\/wp\/v2\/media\/39826"}],"wp:attachment":[{"href":"https:\/\/visitlahemaa.com\/lv\/wp-json\/wp\/v2\/media?parent=45896"}],"curies":[{"name":"wp","href":"https:\/\/api.w.org\/{rel}","templated":true}]}}