{"id":45916,"date":"2025-09-01T10:11:34","date_gmt":"2025-09-01T07:11:34","guid":{"rendered":"https:\/\/visitlahemaa.com\/uznemejdarbibas-apmaciba\/"},"modified":"2025-09-01T10:11:35","modified_gmt":"2025-09-01T07:11:35","slug":"uznemejdarbibas-apmaciba","status":"publish","type":"page","link":"https:\/\/visitlahemaa.com\/lv\/uznemejdarbibas-apmaciba\/","title":{"rendered":"Uz\u0146\u0113m\u0113jdarb\u012bbas apm\u0101c\u012bba"},"content":{"rendered":"\t\t<div data-elementor-type=\"wp-page\" data-elementor-id=\"45916\" class=\"elementor elementor-45916 elementor-45617\" data-elementor-post-type=\"page\">\n\t\t\t\t<div class=\"elementor-element elementor-element-4207f416 e-flex e-con-boxed e-con e-parent\" data-id=\"4207f416\" data-element_type=\"container\" data-e-type=\"container\">\n\t\t\t\t\t<div class=\"e-con-inner\">\n\t\t\t\t<div class=\"elementor-element elementor-element-60ac2d14 elementor-widget elementor-widget-text-editor\" data-id=\"60ac2d14\" data-element_type=\"widget\" data-e-type=\"widget\" data-widget_type=\"text-editor.default\">\n\t\t\t\t<div class=\"elementor-widget-container\">\n\t\t\t\t\t\t\t\t\t<h4>Vai v\u0113laties k\u013c\u016bt par uz\u0146\u0113m\u0113ju Lahem\u0101? Pievienojieties starptautisk\u0101m uz\u0146\u0113m\u0113jdarb\u012bbas apm\u0101c\u012bb\u0101m! Programmas vada Igaunijas Dz\u012bv\u012bbas zin\u0101t\u0146u universit\u0101te un Helsinku Universit\u0101te. Piedal\u0101s ar\u012b cilv\u0113ki no Somijas, Latvijas, Zviedrijas un \u0100landu sal\u0101m.   <\/h4><p>Apm\u0101c\u012bbas ietver ang\u013cu valodas vebin\u0101rus (19.11.; 03.12.; 21.01.; 18.02.; 4., 27.03., 18-21), mentor\u0113\u0161anu, m\u0101c\u012bbu braucienu un individu\u0101lu m\u0101c\u012b\u0161anos. Lahem\u0101 mentori ir: Reimo M\u00fcrgim\u00e4e, Raido Roostalu, Urmas Kirtsi un Margus Sameli. Tie, kas pabeigu\u0161i kursu, prezent\u0113 savu biznesa ideju un sa\u0146em sertifik\u0101tu no Igaunijas Dz\u012bv\u012bbas zin\u0101t\u0146u universit\u0101tes.  <\/p><p>Dal\u012bbas maksa ir 50 \u20ac.<\/p><p>Priek\u0161roka tiek dota bezdarbniekiem vai pa\u0161nodarbin\u0101tajiem vecum\u0101 no 18 l\u012bdz 25 gadiem un virs 50 gadiem. Ja jums ir jaut\u0101jumi, l\u016bdzu, s\u016btiet e-pastu uz: <a href=\"mailto:kaisa@kolgakyla.ee\">kaisa@kolgakyla.ee<\/a> vai zvaniet: <a href=\"tel:5%20239%20239\">5 239 239.<\/a> <\/p><p>Re\u0123istr\u0101cija: <a href=\"https:\/\/forms.gle\/3iJuip7rDdVRftt38\" target=\"_blank\" rel=\"noopener\">https:\/\/forms.gle\/3iJuip7rDdVRftt38<\/a><\/p><p>Projektu atbalsta Interreg Centr\u0101l\u0101s Baltijas programma un K\u016bsalu pa\u0161vald\u012bba.<\/p>\t\t\t\t\t\t\t\t<\/div>\n\t\t\t\t<\/div>\n\t\t\t\t<div class=\"elementor-element elementor-element-26387bf elementor-widget elementor-widget-image\" data-id=\"26387bf\" data-element_type=\"widget\" data-e-type=\"widget\" data-widget_type=\"image.default\">\n\t\t\t\t<div class=\"elementor-widget-container\">\n\t\t\t\t\t\t\t\t\t\t\t\t\t\t\t<img fetchpriority=\"high\" decoding=\"async\" width=\"800\" height=\"532\" src=\"https:\/\/visitlahemaa.com\/wp-content\/uploads\/2024\/11\/Soomaa_24-1024x681.jpg\" class=\"attachment-large size-large wp-image-42156\" alt=\"\" srcset=\"https:\/\/visitlahemaa.com\/wp-content\/uploads\/2024\/11\/Soomaa_24-1024x681.jpg 1024w, https:\/\/visitlahemaa.com\/wp-content\/uploads\/2024\/11\/Soomaa_24-600x399.jpg 600w, https:\/\/visitlahemaa.com\/wp-content\/uploads\/2024\/11\/Soomaa_24-768x511.jpg 768w, https:\/\/visitlahemaa.com\/wp-content\/uploads\/2024\/11\/Soomaa_24-272x182.jpg 272w, https:\/\/visitlahemaa.com\/wp-content\/uploads\/2024\/11\/Soomaa_24.jpg 1500w\" sizes=\"(max-width: 800px) 100vw, 800px\" \/>\t\t\t\t\t\t\t\t\t\t\t\t\t\t\t<\/div>\n\t\t\t\t<\/div>\n\t\t\t\t\t<\/div>\n\t\t\t\t<\/div>\n\t\t\t\t<\/div>\n\t\t","protected":false},"excerpt":{"rendered":"<p>Vai v\u0113laties k\u013c\u016bt par uz\u0146\u0113m\u0113ju Lahem\u0101? Pievienojieties starptautisk\u0101m uz\u0146\u0113m\u0113jdarb\u012bbas apm\u0101c\u012bb\u0101m! Programmas vada Igaunijas Dz\u012bv\u012bbas zin\u0101t\u0146u universit\u0101te un Helsinku Universit\u0101te. Piedal\u0101s ar\u012b cilv\u0113ki no Somijas, Latvijas, Zviedrijas un \u0100landu sal\u0101m. Apm\u0101c\u012bbas ietver ang\u013cu valodas vebin\u0101rus (19.11.; 03.12.; 21.01.; 18.02.; 4., 27.03., 18-21), mentor\u0113\u0161anu, m\u0101c\u012bbu braucienu un individu\u0101lu m\u0101c\u012b\u0161anos. Lahem\u0101 mentori ir: Reimo M\u00fcrgim\u00e4e, Raido Roostalu, Urmas [&hellip;]<\/p>\n","protected":false},"author":100010026,"featured_media":42156,"parent":0,"menu_order":0,"comment_status":"closed","ping_status":"closed","template":"","meta":{"_acf_changed":false,"_lmt_disableupdate":"","_lmt_disable":"","_monsterinsights_skip_tracking":false,"_monsterinsights_sitenote_active":false,"_monsterinsights_sitenote_note":"","_monsterinsights_sitenote_category":0,"footnotes":"","_links_to":"","_links_to_target":""},"class_list":["post-45916","page","type-page","status-publish","has-post-thumbnail","hentry"],"acf":[],"_links":{"self":[{"href":"https:\/\/visitlahemaa.com\/lv\/wp-json\/wp\/v2\/pages\/45916","targetHints":{"allow":["GET"]}}],"collection":[{"href":"https:\/\/visitlahemaa.com\/lv\/wp-json\/wp\/v2\/pages"}],"about":[{"href":"https:\/\/visitlahemaa.com\/lv\/wp-json\/wp\/v2\/types\/page"}],"author":[{"embeddable":true,"href":"https:\/\/visitlahemaa.com\/lv\/wp-json\/wp\/v2\/users\/100010026"}],"replies":[{"embeddable":true,"href":"https:\/\/visitlahemaa.com\/lv\/wp-json\/wp\/v2\/comments?post=45916"}],"version-history":[{"count":1,"href":"https:\/\/visitlahemaa.com\/lv\/wp-json\/wp\/v2\/pages\/45916\/revisions"}],"predecessor-version":[{"id":45917,"href":"https:\/\/visitlahemaa.com\/lv\/wp-json\/wp\/v2\/pages\/45916\/revisions\/45917"}],"wp:featuredmedia":[{"embeddable":true,"href":"https:\/\/visitlahemaa.com\/lv\/wp-json\/wp\/v2\/media\/42156"}],"wp:attachment":[{"href":"https:\/\/visitlahemaa.com\/lv\/wp-json\/wp\/v2\/media?parent=45916"}],"curies":[{"name":"wp","href":"https:\/\/api.w.org\/{rel}","templated":true}]}}